{"id":883,"date":"2026-02-26T10:51:10","date_gmt":"2026-02-26T13:51:10","guid":{"rendered":"https:\/\/lemonchiffon-crow-371816.hostingersite.com\/?page_id=883"},"modified":"2026-03-26T12:24:59","modified_gmt":"2026-03-26T15:24:59","slug":"empilhadeira-patolada","status":"publish","type":"page","link":"https:\/\/disktrans.com.br\/es\/empilhadeira-patolada\/","title":{"rendered":"Empilhadeira Patolada"},"content":{"rendered":"\t\t<div data-elementor-type=\"wp-page\" data-elementor-id=\"883\" class=\"elementor elementor-883\" data-elementor-post-type=\"page\">\n\t\t\t\t\t\t<section class=\"elementor-section elementor-top-section elementor-element elementor-element-50f0c92 elementor-section-height-min-height elementor-section-boxed elementor-section-height-default elementor-section-items-middle\" data-id=\"50f0c92\" data-element_type=\"section\" data-e-type=\"section\" data-settings=\"{&quot;background_background&quot;:&quot;classic&quot;}\">\n\t\t\t\t\t\t\t<div class=\"elementor-background-overlay\"><\/div>\n\t\t\t\t\t\t\t<div class=\"elementor-container elementor-column-gap-default\">\n\t\t\t\t\t<div class=\"elementor-column elementor-col-100 elementor-top-column elementor-element elementor-element-e17719c\" data-id=\"e17719c\" data-element_type=\"column\" data-e-type=\"column\">\n\t\t\t<div class=\"elementor-widget-wrap elementor-element-populated\">\n\t\t\t\t\t\t<section class=\"elementor-section elementor-inner-section elementor-element elementor-element-8558241 elementor-section-boxed elementor-section-height-default elementor-section-height-default\" data-id=\"8558241\" data-element_type=\"section\" data-e-type=\"section\">\n\t\t\t\t\t\t<div class=\"elementor-container elementor-column-gap-default\">\n\t\t\t\t\t<div class=\"elementor-column elementor-col-100 elementor-inner-column elementor-element elementor-element-791cb7a\" data-id=\"791cb7a\" data-element_type=\"column\" data-e-type=\"column\">\n\t\t\t<div class=\"elementor-widget-wrap elementor-element-populated\">\n\t\t\t\t\t\t<div class=\"elementor-element elementor-element-7a280ad elementor-invisible elementor-widget elementor-widget-heading\" data-id=\"7a280ad\" data-element_type=\"widget\" data-e-type=\"widget\" data-settings=\"{&quot;_animation&quot;:&quot;fadeIn&quot;,&quot;_animation_delay&quot;:100}\" data-widget_type=\"heading.default\">\n\t\t\t\t\t<h1 class=\"elementor-heading-title elementor-size-default\">Empilhadeira Patolada<\/h1>\t\t\t\t<\/div>\n\t\t\t\t<div class=\"elementor-element elementor-element-5f31502 elementor-invisible elementor-widget elementor-widget-heading\" data-id=\"5f31502\" data-element_type=\"widget\" data-e-type=\"widget\" data-settings=\"{&quot;_animation&quot;:&quot;fadeIn&quot;,&quot;_animation_delay&quot;:100}\" data-widget_type=\"heading.default\">\n\t\t\t\t\t<h2 class=\"elementor-heading-title elementor-size-default\">Linha PT Fast - PT1645 e PT1654\n<\/h2>\t\t\t\t<\/div>\n\t\t\t\t\t<\/div>\n\t\t<\/div>\n\t\t\t\t\t<\/div>\n\t\t<\/section>\n\t\t\t\t\t<\/div>\n\t\t<\/div>\n\t\t\t\t\t<\/div>\n\t\t<\/section>\n\t\t\t\t<section class=\"elementor-section elementor-top-section elementor-element elementor-element-9e272a2 elementor-section-boxed elementor-section-height-default elementor-section-height-default\" data-id=\"9e272a2\" data-element_type=\"section\" data-e-type=\"section\">\n\t\t\t\t\t\t<div class=\"elementor-container elementor-column-gap-default\">\n\t\t\t\t\t<div class=\"elementor-column elementor-col-50 elementor-top-column elementor-element elementor-element-faf3cd4\" data-id=\"faf3cd4\" data-element_type=\"column\" data-e-type=\"column\">\n\t\t\t<div class=\"elementor-widget-wrap elementor-element-populated\">\n\t\t\t\t\t\t<div class=\"elementor-element elementor-element-bceba70 elementor-widget elementor-widget-text-editor\" data-id=\"bceba70\" data-element_type=\"widget\" data-e-type=\"widget\" data-widget_type=\"text-editor.default\">\n\t\t\t\t\t\t\t\t\t<p>A linha <strong>PT Fast<\/strong> s\u00e3o <strong>empilhadeiras el\u00e9tricas patoladas<\/strong> desenvolvidas para aumentar a produtividade na intralog\u00edstica, com sistema de eleva\u00e7\u00e3o mais r\u00e1pido que a linha tradicional.<\/p><p>Com <strong>capacidade de carga de 1.600 kg<\/strong> e opera\u00e7\u00e3o exclusiva em paletes abertos, os modelos se diferenciam pela altura de eleva\u00e7\u00e3o: a <strong>PT1645 Fast alcan\u00e7a at\u00e9 4.500 mm<\/strong> e a <strong>PT1654 Fast chega a 5.400 mm<\/strong>, atendendo diferentes necessidades de armazenagem.<br \/>Compactas, operam em corredores a partir de 2,28m, com rodas de carga em poliuretano para \u00f3tima condi\u00e7\u00e3o de manobra. Equipadas com eleva\u00e7\u00e3o el\u00e9trica hidr\u00e1ulica, eliminando o esfor\u00e7o do operador.<\/p><p><strong>Aptas a trabalhar em tr\u00eas turnos<\/strong> com bateria tracion\u00e1ria chumbo \u00e1cido ou l\u00edtio de f\u00e1cil manuseio. Contam ainda com plataforma opcional para operador em p\u00e9, oferecendo mais ergonomia e efici\u00eancia nas opera\u00e7\u00f5es.<\/p>\t\t\t\t\t\t\t\t<\/div>\n\t\t\t\t<div class=\"elementor-element elementor-element-1733be2 elementor-widget elementor-widget-html\" data-id=\"1733be2\" data-element_type=\"widget\" data-e-type=\"widget\" data-widget_type=\"html.default\">\n\t\t\t\t\t<!-- Container Principal da Ficha -->\r\n<div class=\"ficha-tecnica-blindada !font-sans !text-slate-800 !w-full !m-0 !p-0\">\r\n  \r\n  <!-- CART\u00c3O DA FICHA T\u00c9CNICA -->\r\n  <div class=\"!bg-white !rounded-xl shadow-[0_4px_20px_rgb(0,0,0,0.08)] !border !border-gray-200 !overflow-hidden !m-0\">\r\n    \r\n    <!-- Header da Ficha -->\r\n    <div class=\"!bg-slate-900 !px-6 !py-5 !flex !items-center !gap-4\">\r\n      <div class=\"!p-2 !bg-blue-600 !rounded-lg !shrink-0\">\r\n        <svg class=\"!w-6 !h-6 !text-white\" fill=\"none\" stroke=\"currentColor\" stroke-width=\"2\" viewBox=\"0 0 24 24\"><path stroke-linecap=\"round\" stroke-linejoin=\"round\" d=\"M9 12h6m-6 4h6m2 5H7a2 2 0 01-2-2V5a2 2 0 012-2h5.586a1 1 0 01.707.293l5.414 5.414a1 1 0 01.293.707V19a2 2 0 01-2 2z\"><\/path><\/svg>\r\n      <\/div>\r\n      <div>\r\n        <h3 class=\"!text-xl !font-bold !text-white !m-0 !p-0 !leading-tight\">Ficha T\u00e9cnica<\/h3>\r\n        <p class=\"!text-slate-400 !text-xs !mt-1 !m-0 !p-0\">Especifica\u00e7\u00f5es do Modelo<\/p>\r\n      <\/div>\r\n    <\/div>\r\n\r\n    <!-- Corpo da Ficha (Lista Vertical) -->\r\n    <div class=\"!flex !flex-col !m-0 !p-0\">\r\n\t\r\n      <!-- Item 11: Capacidade de carga -->\r\n      <div class=\"!flex !items-start !gap-4 !p-4 !border-b !border-gray-100 !bg-blue-50\/30 hover:!bg-blue-100\/50 !transition-colors\">\r\n        <div class=\"!mt-0.5 !shrink-0\">\r\n          <svg class=\"!w-5 !h-5 !text-blue-600\" fill=\"none\" stroke=\"currentColor\" stroke-width=\"2\" viewBox=\"0 0 24 24\"><path stroke-linecap=\"round\" stroke-linejoin=\"round\" d=\"M3 6h18M5 6v14a2 2 0 002 2h10a2 2 0 002-2V6M8 6V4a2 2 0 012-2h4a2 2 0 012 2v2M12 10v4m0 0v4m0-4h4m-4 0H8\"><\/path><\/svg>\r\n        <\/div>\r\n        <div class=\"!flex-1\">\r\n          <span class=\"!block !text-xs !font-bold !text-slate-500 uppercase tracking-wider !mb-1 !m-0\">Capacidade de carga<\/span>\r\n          <span class=\"!block !text-base !font-bold !text-slate-900 !leading-tight !m-0\">1.600 kg<\/span>\r\n        <\/div>\r\n      <\/div>\r\n\r\n      <!-- Item 12: Eleva\u00e7\u00e3o m\u00e1xima -->\r\n      <div class=\"!flex !items-start !gap-4 !p-4 !bg-blue-50\/30 hover:!bg-blue-100\/50 !transition-colors\">\r\n        <div class=\"!mt-0.5 !shrink-0\">\r\n          <svg class=\"!w-5 !h-5 !text-blue-600\" fill=\"none\" stroke=\"currentColor\" stroke-width=\"2\" viewBox=\"0 0 24 24\"><path stroke-linecap=\"round\" stroke-linejoin=\"round\" d=\"M5 10l7-7m0 0l7 7m-7-7v18\"><\/path><\/svg>\r\n        <\/div>\r\n        <div class=\"!flex-1\">\r\n          <span class=\"!block !text-xs !font-bold !text-slate-500 uppercase tracking-wider !mb-1 !m-0\">Eleva\u00e7\u00e3o m\u00e1xima<\/span>\r\n          <span class=\"!block !text-base !font-bold !text-slate-900 !leading-tight !m-0\">4.500 a 5.400 mm<\/span>\r\n        <\/div>\r\n      <\/div>\t\r\n      \r\n      <!-- Item 1: Velocidade de eleva\u00e7\u00e3o -->\r\n      <div class=\"!flex !items-start !gap-4 !p-4 !border-b !border-gray-100 !bg-blue-50\/30 hover:!bg-blue-100\/50 !transition-colors\">\r\n        <div class=\"!mt-0.5 !shrink-0\">\r\n          <svg class=\"!w-5 !h-5 !text-blue-600\" fill=\"none\" stroke=\"currentColor\" stroke-width=\"2\" viewBox=\"0 0 24 24\"><path stroke-linecap=\"round\" stroke-linejoin=\"round\" d=\"M5 10l7-7m0 0l7 7m-7-7v18\"><\/path><\/svg>\r\n        <\/div>\r\n        <div class=\"!flex-1\">\r\n          <span class=\"!block !text-xs !font-bold !text-slate-500 uppercase tracking-wider !mb-1 !m-0\">Velocidade de eleva\u00e7\u00e3o<\/span>\r\n          <span class=\"!block !text-base !font-bold !text-slate-900 !leading-tight !m-0\">30% superior \u00e0 linha PT tradicional<\/span>\r\n        <\/div>\r\n      <\/div>\r\n\r\n      <!-- Item 2: Tipo -->\r\n      <div class=\"!flex !items-start !gap-4 !p-4 !border-b !border-gray-100 !bg-blue-50\/30 hover:!bg-blue-100\/50 !transition-colors\">\r\n        <div class=\"!mt-0.5 !shrink-0\">\r\n          <svg class=\"!w-5 !h-5 !text-blue-600\" fill=\"none\" stroke=\"currentColor\" stroke-width=\"2\" viewBox=\"0 0 24 24\"><path stroke-linecap=\"round\" stroke-linejoin=\"round\" d=\"M4 8V4m0 0h4M4 4l5 5m11-1V4m0 0h-4m4 0l-5 5M4 16v4m0 0h4m-4 0l5-5m11 5l-5-5m5 5v-4m0 4h-4\"><\/path><\/svg>\r\n        <\/div>\r\n        <div class=\"!flex-1\">\r\n          <span class=\"!block !text-xs !font-bold !text-slate-500 uppercase tracking-wider !mb-1 !m-0\">Tipo<\/span>\r\n          <span class=\"!block !text-base !font-bold !text-slate-900 !leading-tight !m-0\">patolada, para paletes abertos<\/span>\r\n        <\/div>\r\n      <\/div>\r\n\r\n      <!-- Item 3: Aplica\u00e7\u00e3o -->\r\n      <div class=\"!flex !items-start !gap-4 !p-4 !border-b !border-gray-100 !bg-blue-50\/30 hover:!bg-blue-100\/50 !transition-colors\">\r\n        <div class=\"!mt-0.5 !shrink-0\">\r\n          <svg class=\"!w-5 !h-5 !text-blue-600\" fill=\"none\" stroke=\"currentColor\" stroke-width=\"2\" viewBox=\"0 0 24 24\"><path stroke-linecap=\"round\" stroke-linejoin=\"round\" d=\"M19 21V5a2 2 0 00-2-2H7a2 2 0 00-2 2v16m14 0h2m-2 0h-5m-9 0H3m2 0h5M9 7h1m-1 4h1m4-4h1m-1 4h1m-5 10v-5a1 1 0 011-1h2a1 1 0 011 1v5m-4 0h4\"><\/path><\/svg>\r\n        <\/div>\r\n        <div class=\"!flex-1\">\r\n          <span class=\"!block !text-xs !font-bold !text-slate-500 uppercase tracking-wider !mb-1 !m-0\">Aplica\u00e7\u00e3o<\/span>\r\n          <span class=\"!block !text-base !font-bold !text-slate-900 !leading-tight !m-0\">almoxarifados e carga e descarga de caminh\u00f5es<\/span>\r\n        <\/div>\r\n      <\/div>\r\n\r\n      <!-- Item 4: Sistema de eleva\u00e7\u00e3o -->\r\n      <div class=\"!flex !items-start !gap-4 !p-4 !border-b !border-gray-100 !bg-blue-50\/30 hover:!bg-blue-100\/50 !transition-colors\">\r\n        <div class=\"!mt-0.5 !shrink-0\">\r\n          <svg class=\"!w-5 !h-5 !text-blue-600\" fill=\"none\" stroke=\"currentColor\" stroke-width=\"2\" viewBox=\"0 0 24 24\"><path stroke-linecap=\"round\" stroke-linejoin=\"round\" d=\"M13 10V3L4 14h7v7l9-11h-7z\"><\/path><\/svg>\r\n        <\/div>\r\n        <div class=\"!flex-1\">\r\n          <span class=\"!block !text-xs !font-bold !text-slate-500 uppercase tracking-wider !mb-1 !m-0\">Sistema de eleva\u00e7\u00e3o<\/span>\r\n          <span class=\"!block !text-base !font-bold !text-slate-900 !leading-tight !m-0\">acionamento el\u00e9trico, sem esfor\u00e7o do operador<\/span>\r\n        <\/div>\r\n      <\/div>\r\n\r\n      <!-- Item 5: Plataforma opcional -->\r\n      <div class=\"!flex !items-start !gap-4 !p-4 !border-b !border-gray-100 !bg-blue-50\/30 hover:!bg-blue-100\/50 !transition-colors\">\r\n        <div class=\"!mt-0.5 !shrink-0\">\r\n          <svg class=\"!w-5 !h-5 !text-blue-600\" fill=\"none\" stroke=\"currentColor\" stroke-width=\"2\" viewBox=\"0 0 24 24\"><path stroke-linecap=\"round\" stroke-linejoin=\"round\" d=\"M16 7a4 4 0 11-8 0 4 4 0 018 0zM12 14a7 7 0 00-7 7h14a7 7 0 00-7-7z\"><\/path><\/svg>\r\n        <\/div>\r\n        <div class=\"!flex-1\">\r\n          <span class=\"!block !text-xs !font-bold !text-slate-500 uppercase tracking-wider !mb-1 !m-0\">Plataforma opcional<\/span>\r\n          <span class=\"!block !text-base !font-bold !text-slate-900 !leading-tight !m-0\">operador em p\u00e9, a bordo<\/span>\r\n        <\/div>\r\n      <\/div>\r\n\r\n      <!-- Item 6: Rodas de carga -->\r\n      <div class=\"!flex !items-start !gap-4 !p-4 !border-b !border-gray-100 !bg-blue-50\/30 hover:!bg-blue-100\/50 !transition-colors\">\r\n        <div class=\"!mt-0.5 !shrink-0\">\r\n          <svg class=\"!w-5 !h-5 !text-blue-600\" viewBox=\"0 0 24 24\" fill=\"none\" stroke=\"currentColor\" stroke-width=\"2\" stroke-linecap=\"round\" stroke-linejoin=\"round\"><circle cx=\"12\" cy=\"12\" r=\"10\"\/><circle cx=\"12\" cy=\"12\" r=\"3\"\/><\/svg>\r\n        <\/div>\r\n        <div class=\"!flex-1\">\r\n          <span class=\"!block !text-xs !font-bold !text-slate-500 uppercase tracking-wider !mb-1 !m-0\">Rodas de carga<\/span>\r\n          <span class=\"!block !text-base !font-bold !text-slate-900 !leading-tight !m-0\">poliuretano<\/span>\r\n        <\/div>\r\n      <\/div>\r\n\r\n      <!-- Item 7: Corredores operacionais -->\r\n      <div class=\"!flex !items-start !gap-4 !p-4 !border-b !border-gray-100 !bg-blue-50\/30 hover:!bg-blue-100\/50 !transition-colors\">\r\n        <div class=\"!mt-0.5 !shrink-0\">\r\n          <svg class=\"!w-5 !h-5 !text-blue-600\" fill=\"none\" stroke=\"currentColor\" stroke-width=\"2\" viewBox=\"0 0 24 24\"><path stroke-linecap=\"round\" stroke-linejoin=\"round\" d=\"M8 7h12m0 0l-4-4m4 4l-4 4m0 6H4m0 0l4 4m-4-4l4-4\"><\/path><\/svg>\r\n        <\/div>\r\n        <div class=\"!flex-1\">\r\n          <span class=\"!block !text-xs !font-bold !text-slate-500 uppercase tracking-wider !mb-1 !m-0\">Corredores operacionais<\/span>\r\n          <span class=\"!block !text-base !font-bold !text-slate-900 !leading-tight !m-0\">a partir de 2,28 m<\/span>\r\n        <\/div>\r\n      <\/div>\r\n\r\n      <!-- Item 8: Energia -->\r\n      <div class=\"!flex !items-start !gap-4 !p-4 !border-b !border-gray-100 !bg-blue-50\/30 hover:!bg-blue-100\/50 !transition-colors\">\r\n        <div class=\"!mt-0.5 !shrink-0\">\r\n          <svg class=\"!w-5 !h-5 !text-blue-600\" fill=\"none\" stroke=\"currentColor\" stroke-width=\"2\" viewBox=\"0 0 24 24\"><path stroke-linecap=\"round\" stroke-linejoin=\"round\" d=\"M13 10V3L4 14h7v7l9-11h-7z\"><\/path><\/svg>\r\n        <\/div>\r\n        <div class=\"!flex-1\">\r\n          <span class=\"!block !text-xs !font-bold !text-slate-500 uppercase tracking-wider !mb-1 !m-0\">Energia<\/span>\r\n          <span class=\"!block !text-base !font-bold !text-slate-900 !leading-tight !m-0\">bateria de l\u00edtio integrada<\/span>\r\n        <\/div>\r\n      <\/div>\r\n\r\n      <!-- Item 9: Opera\u00e7\u00e3o -->\r\n      <div class=\"!flex !items-start !gap-4 !p-4 !border-b !border-gray-100 !bg-blue-50\/30 hover:!bg-blue-100\/50 !transition-colors\">\r\n        <div class=\"!mt-0.5 !shrink-0\">\r\n          <svg class=\"!w-5 !h-5 !text-blue-600\" fill=\"none\" stroke=\"currentColor\" stroke-width=\"2\" viewBox=\"0 0 24 24\"><path stroke-linecap=\"round\" stroke-linejoin=\"round\" d=\"M12 8v4l3 3m6-3a9 9 0 11-18 0 9 9 0 0118 0z\"><\/path><\/svg>\r\n        <\/div>\r\n        <div class=\"!flex-1\">\r\n          <span class=\"!block !text-xs !font-bold !text-slate-500 uppercase tracking-wider !mb-1 !m-0\">Opera\u00e7\u00e3o<\/span>\r\n          <span class=\"!block !text-base !font-bold !text-slate-900 !leading-tight !m-0\">at\u00e9 tr\u00eas turnos sem troca de bateria<\/span>\r\n        <\/div>\r\n      <\/div>\r\n\r\n      <!-- Item 10: Recarga -->\r\n      <div class=\"!flex !items-start !gap-4 !p-4 !border-b !border-gray-100 !bg-blue-50\/30 hover:!bg-blue-100\/50 !transition-colors\">\r\n        <div class=\"!mt-0.5 !shrink-0\">\r\n          <svg class=\"!w-5 !h-5 !text-blue-600\" fill=\"none\" stroke=\"currentColor\" stroke-width=\"2\" viewBox=\"0 0 24 24\"><path stroke-linecap=\"round\" stroke-linejoin=\"round\" d=\"M4 4v5h.582m15.356 2A8.001 8.001 0 004.582 9m0 0H9m11 11v-5h-.581m0 0a8.003 8.003 0 01-15.357-2m15.357 2H15\"><\/path><\/svg>\r\n        <\/div>\r\n        <div class=\"!flex-1\">\r\n          <span class=\"!block !text-xs !font-bold !text-slate-500 uppercase tracking-wider !mb-1 !m-0\">Recarga<\/span>\r\n          <span class=\"!block !text-base !font-bold !text-slate-900 !leading-tight !m-0\">carregador para bateria de l\u00edtio<\/span>\r\n        <\/div>\r\n      <\/div>\r\n\r\n    <\/div>\r\n    \r\n    <!-- Footer da Ficha \/ CTA secund\u00e1rio -->\r\n    <div class=\"!p-5 !bg-slate-50 !border-t !border-gray-200 !m-0\">\r\n        <a href=\"https:\/\/disktrans.com.br\/wp-content\/uploads\/2026\/03\/Linha_-PT_PTFast.pdf\" target=\"blank\">\r\n      <button class=\"!w-full !bg-blue-600 hover:!bg-blue-700 !text-white !py-3 !rounded-lg !font-bold !text-sm !transition-colors !shadow-md !border-none !cursor-pointer\">\r\n        Para a L\u00e2mina T\u00e9cnica clique aqui!\r\n      <\/button><\/a>\r\n    <\/div>\r\n    \r\n  <\/div>\r\n  \r\n<\/div>\t\t\t\t<\/div>\n\t\t\t\t\t<\/div>\n\t\t<\/div>\n\t\t\t\t<div class=\"elementor-column elementor-col-50 elementor-top-column elementor-element elementor-element-442d59f\" data-id=\"442d59f\" data-element_type=\"column\" data-e-type=\"column\">\n\t\t\t<div class=\"elementor-widget-wrap elementor-element-populated\">\n\t\t\t\t\t\t<div class=\"elementor-element elementor-element-843f015 elementor-absolute elementor-hidden-tablet elementor-hidden-mobile elementor-widget elementor-widget-image\" data-id=\"843f015\" data-element_type=\"widget\" data-e-type=\"widget\" data-settings=\"{&quot;_position&quot;:&quot;absolute&quot;}\" data-widget_type=\"image.default\">\n\t\t\t\t\t\t\t\t\t\t\t\t\t\t\t<img fetchpriority=\"high\" decoding=\"async\" width=\"800\" height=\"925\" src=\"https:\/\/disktrans.com.br\/wp-content\/uploads\/2026\/03\/Empilhadeira-Eletrica-Patolada-PT1645-FAST_001-886x1024.png\" class=\"attachment-large size-large wp-image-2122\" alt=\"\" srcset=\"https:\/\/disktrans.com.br\/wp-content\/uploads\/2026\/03\/Empilhadeira-Eletrica-Patolada-PT1645-FAST_001-886x1024.png 886w, https:\/\/disktrans.com.br\/wp-content\/uploads\/2026\/03\/Empilhadeira-Eletrica-Patolada-PT1645-FAST_001-260x300.png 260w, https:\/\/disktrans.com.br\/wp-content\/uploads\/2026\/03\/Empilhadeira-Eletrica-Patolada-PT1645-FAST_001-768x887.png 768w, https:\/\/disktrans.com.br\/wp-content\/uploads\/2026\/03\/Empilhadeira-Eletrica-Patolada-PT1645-FAST_001-1329x1536.png 1329w, https:\/\/disktrans.com.br\/wp-content\/uploads\/2026\/03\/Empilhadeira-Eletrica-Patolada-PT1645-FAST_001-1772x2048.png 1772w\" sizes=\"(max-width: 800px) 100vw, 800px\" \/>\t\t\t\t\t\t\t\t\t\t\t\t\t\t\t<\/div>\n\t\t\t\t<div class=\"elementor-element elementor-element-72e1555 elementor-widget elementor-widget-spacer\" data-id=\"72e1555\" data-element_type=\"widget\" data-e-type=\"widget\" data-widget_type=\"spacer.default\">\n\t\t\t\t\t\t\t<div class=\"elementor-spacer\">\n\t\t\t<div class=\"elementor-spacer-inner\"><\/div>\n\t\t<\/div>\n\t\t\t\t\t\t<\/div>\n\t\t\t\t<div class=\"elementor-element elementor-element-256c270 elementor-arrows-position-inside elementor-pagination-position-outside elementor-widget elementor-widget-image-carousel\" data-id=\"256c270\" data-element_type=\"widget\" data-e-type=\"widget\" data-settings=\"{&quot;slides_to_show&quot;:&quot;1&quot;,&quot;lazyload&quot;:&quot;yes&quot;,&quot;sticky&quot;:&quot;top&quot;,&quot;sticky_offset&quot;:20,&quot;sticky_parent&quot;:&quot;yes&quot;,&quot;navigation&quot;:&quot;both&quot;,&quot;autoplay&quot;:&quot;yes&quot;,&quot;pause_on_hover&quot;:&quot;yes&quot;,&quot;pause_on_interaction&quot;:&quot;yes&quot;,&quot;autoplay_speed&quot;:5000,&quot;infinite&quot;:&quot;yes&quot;,&quot;effect&quot;:&quot;slide&quot;,&quot;speed&quot;:500,&quot;sticky_on&quot;:[&quot;widescreen&quot;,&quot;desktop&quot;,&quot;laptop&quot;,&quot;tablet&quot;,&quot;mobile&quot;],&quot;sticky_effects_offset&quot;:0,&quot;sticky_anchor_link_offset&quot;:0}\" data-widget_type=\"image-carousel.default\">\n\t\t\t\t\t\t\t<div class=\"elementor-image-carousel-wrapper swiper\" role=\"region\" aria-roledescription=\"carousel\" aria-label=\"Carrossel de imagens\" dir=\"ltr\">\n\t\t\t<div class=\"elementor-image-carousel swiper-wrapper\" aria-live=\"off\">\n\t\t\t\t\t\t\t\t<div class=\"swiper-slide\" role=\"group\" aria-roledescription=\"slide\" aria-label=\"1 de 5\"><a data-elementor-open-lightbox=\"yes\" data-elementor-lightbox-slideshow=\"256c270\" data-elementor-lightbox-title=\"patolada 1\" data-e-action-hash=\"#elementor-action%3Aaction%3Dlightbox%26settings%3DeyJpZCI6MjExNywidXJsIjoiaHR0cHM6XC9cL2Rpc2t0cmFucy5jb20uYnJcL3dwLWNvbnRlbnRcL3VwbG9hZHNcLzIwMjZcLzAzXC9wYXRvbGFkYS0xLmpwZyIsInNsaWRlc2hvdyI6IjI1NmMyNzAifQ%3D%3D\" href=\"https:\/\/disktrans.com.br\/wp-content\/uploads\/2026\/03\/patolada-1.jpg\"><figure class=\"swiper-slide-inner\"><img class=\"swiper-slide-image swiper-lazy\" data-src=\"https:\/\/disktrans.com.br\/wp-content\/uploads\/2026\/03\/patolada-1-768x768.jpg\" alt=\"patolada 1\" \/><div class=\"swiper-lazy-preloader\"><\/div><\/figure><\/a><\/div><div class=\"swiper-slide\" role=\"group\" aria-roledescription=\"slide\" aria-label=\"2 de 5\"><a data-elementor-open-lightbox=\"yes\" data-elementor-lightbox-slideshow=\"256c270\" data-elementor-lightbox-title=\"patolada 2\" data-e-action-hash=\"#elementor-action%3Aaction%3Dlightbox%26settings%3DeyJpZCI6MjExOCwidXJsIjoiaHR0cHM6XC9cL2Rpc2t0cmFucy5jb20uYnJcL3dwLWNvbnRlbnRcL3VwbG9hZHNcLzIwMjZcLzAzXC9wYXRvbGFkYS0yLmpwZyIsInNsaWRlc2hvdyI6IjI1NmMyNzAifQ%3D%3D\" href=\"https:\/\/disktrans.com.br\/wp-content\/uploads\/2026\/03\/patolada-2.jpg\"><figure class=\"swiper-slide-inner\"><img class=\"swiper-slide-image swiper-lazy\" data-src=\"https:\/\/disktrans.com.br\/wp-content\/uploads\/2026\/03\/patolada-2-768x768.jpg\" alt=\"patolada 2\" \/><div class=\"swiper-lazy-preloader\"><\/div><\/figure><\/a><\/div><div class=\"swiper-slide\" role=\"group\" aria-roledescription=\"slide\" aria-label=\"3 de 5\"><a data-elementor-open-lightbox=\"yes\" data-elementor-lightbox-slideshow=\"256c270\" data-elementor-lightbox-title=\"patolada 3\" data-e-action-hash=\"#elementor-action%3Aaction%3Dlightbox%26settings%3DeyJpZCI6MjExOSwidXJsIjoiaHR0cHM6XC9cL2Rpc2t0cmFucy5jb20uYnJcL3dwLWNvbnRlbnRcL3VwbG9hZHNcLzIwMjZcLzAzXC9wYXRvbGFkYS0zLmpwZyIsInNsaWRlc2hvdyI6IjI1NmMyNzAifQ%3D%3D\" href=\"https:\/\/disktrans.com.br\/wp-content\/uploads\/2026\/03\/patolada-3.jpg\"><figure class=\"swiper-slide-inner\"><img class=\"swiper-slide-image swiper-lazy\" data-src=\"https:\/\/disktrans.com.br\/wp-content\/uploads\/2026\/03\/patolada-3-768x768.jpg\" alt=\"patolada 3\" \/><div class=\"swiper-lazy-preloader\"><\/div><\/figure><\/a><\/div><div class=\"swiper-slide\" role=\"group\" aria-roledescription=\"slide\" aria-label=\"4 de 5\"><a data-elementor-open-lightbox=\"yes\" data-elementor-lightbox-slideshow=\"256c270\" data-elementor-lightbox-title=\"patolada 4\" data-e-action-hash=\"#elementor-action%3Aaction%3Dlightbox%26settings%3DeyJpZCI6MjEyMCwidXJsIjoiaHR0cHM6XC9cL2Rpc2t0cmFucy5jb20uYnJcL3dwLWNvbnRlbnRcL3VwbG9hZHNcLzIwMjZcLzAzXC9wYXRvbGFkYS00LmpwZyIsInNsaWRlc2hvdyI6IjI1NmMyNzAifQ%3D%3D\" href=\"https:\/\/disktrans.com.br\/wp-content\/uploads\/2026\/03\/patolada-4.jpg\"><figure class=\"swiper-slide-inner\"><img class=\"swiper-slide-image swiper-lazy\" data-src=\"https:\/\/disktrans.com.br\/wp-content\/uploads\/2026\/03\/patolada-4-768x768.jpg\" alt=\"patolada 4\" \/><div class=\"swiper-lazy-preloader\"><\/div><\/figure><\/a><\/div><div class=\"swiper-slide\" role=\"group\" aria-roledescription=\"slide\" aria-label=\"5 de 5\"><a data-elementor-open-lightbox=\"yes\" data-elementor-lightbox-slideshow=\"256c270\" data-elementor-lightbox-title=\"patolada 5\" data-e-action-hash=\"#elementor-action%3Aaction%3Dlightbox%26settings%3DeyJpZCI6MjEyMSwidXJsIjoiaHR0cHM6XC9cL2Rpc2t0cmFucy5jb20uYnJcL3dwLWNvbnRlbnRcL3VwbG9hZHNcLzIwMjZcLzAzXC9wYXRvbGFkYS01LmpwZyIsInNsaWRlc2hvdyI6IjI1NmMyNzAifQ%3D%3D\" href=\"https:\/\/disktrans.com.br\/wp-content\/uploads\/2026\/03\/patolada-5.jpg\"><figure class=\"swiper-slide-inner\"><img class=\"swiper-slide-image swiper-lazy\" data-src=\"https:\/\/disktrans.com.br\/wp-content\/uploads\/2026\/03\/patolada-5-768x768.jpg\" alt=\"patolada 5\" \/><div class=\"swiper-lazy-preloader\"><\/div><\/figure><\/a><\/div>\t\t\t<\/div>\n\t\t\t\t\t\t\t\t\t\t\t\t<div class=\"elementor-swiper-button elementor-swiper-button-prev\" role=\"button\" tabindex=\"0\">\n\t\t\t\t\t\t<svg aria-hidden=\"true\" class=\"e-font-icon-svg e-eicon-chevron-left\" viewBox=\"0 0 1000 1000\" xmlns=\"http:\/\/www.w3.org\/2000\/svg\"><path d=\"M646 125C629 125 613 133 604 142L308 442C296 454 292 471 292 487 292 504 296 521 308 533L604 854C617 867 629 875 646 875 663 875 679 871 692 858 704 846 713 829 713 812 713 796 708 779 692 767L438 487 692 225C700 217 708 204 708 187 708 171 704 154 692 142 675 129 663 125 646 125Z\"><\/path><\/svg>\t\t\t\t\t<\/div>\n\t\t\t\t\t<div class=\"elementor-swiper-button elementor-swiper-button-next\" role=\"button\" tabindex=\"0\">\n\t\t\t\t\t\t<svg aria-hidden=\"true\" class=\"e-font-icon-svg e-eicon-chevron-right\" viewBox=\"0 0 1000 1000\" xmlns=\"http:\/\/www.w3.org\/2000\/svg\"><path d=\"M696 533C708 521 713 504 713 487 713 471 708 454 696 446L400 146C388 133 375 125 354 125 338 125 325 129 313 142 300 154 292 171 292 187 292 204 296 221 308 233L563 492 304 771C292 783 288 800 288 817 288 833 296 850 308 863 321 871 338 875 354 875 371 875 388 867 400 854L696 533Z\"><\/path><\/svg>\t\t\t\t\t<\/div>\n\t\t\t\t\n\t\t\t\t\t\t\t\t\t<div class=\"swiper-pagination\"><\/div>\n\t\t\t\t\t\t\t\t\t<\/div>\n\t\t\t\t\t\t<\/div>\n\t\t\t\t\t<\/div>\n\t\t<\/div>\n\t\t\t\t\t<\/div>\n\t\t<\/section>\n\t\t\t\t<\/div>\n\t\t","protected":false},"excerpt":{"rendered":"<p>Empilhadeira Patolada Linha PT Fast &#8211; PT1645 e PT1654 A linha PT Fast s\u00e3o empilhadeiras el\u00e9tricas patoladas desenvolvidas para aumentar a produtividade na intralog\u00edstica, com sistema de eleva\u00e7\u00e3o mais r\u00e1pido que a linha tradicional. Com capacidade de carga de 1.600 kg e opera\u00e7\u00e3o exclusiva em paletes abertos, os modelos se diferenciam pela altura de eleva\u00e7\u00e3o: [&hellip;]<\/p>\n","protected":false},"author":1,"featured_media":0,"parent":0,"menu_order":0,"comment_status":"closed","ping_status":"closed","template":"","meta":{"footnotes":""},"class_list":["post-883","page","type-page","status-publish","hentry"],"_links":{"self":[{"href":"https:\/\/disktrans.com.br\/es\/wp-json\/wp\/v2\/pages\/883","targetHints":{"allow":["GET"]}}],"collection":[{"href":"https:\/\/disktrans.com.br\/es\/wp-json\/wp\/v2\/pages"}],"about":[{"href":"https:\/\/disktrans.com.br\/es\/wp-json\/wp\/v2\/types\/page"}],"author":[{"embeddable":true,"href":"https:\/\/disktrans.com.br\/es\/wp-json\/wp\/v2\/users\/1"}],"replies":[{"embeddable":true,"href":"https:\/\/disktrans.com.br\/es\/wp-json\/wp\/v2\/comments?post=883"}],"version-history":[{"count":37,"href":"https:\/\/disktrans.com.br\/es\/wp-json\/wp\/v2\/pages\/883\/revisions"}],"predecessor-version":[{"id":1915,"href":"https:\/\/disktrans.com.br\/es\/wp-json\/wp\/v2\/pages\/883\/revisions\/1915"}],"wp:attachment":[{"href":"https:\/\/disktrans.com.br\/es\/wp-json\/wp\/v2\/media?parent=883"}],"curies":[{"name":"wp","href":"https:\/\/api.w.org\/{rel}","templated":true}]}}