{"id":727,"date":"2026-02-25T15:26:51","date_gmt":"2026-02-25T18:26:51","guid":{"rendered":"https:\/\/lemonchiffon-crow-371816.hostingersite.com\/?page_id=727"},"modified":"2026-03-26T12:21:33","modified_gmt":"2026-03-26T15:21:33","slug":"transpaletes-com-balanca","status":"publish","type":"page","link":"https:\/\/disktrans.com.br\/es\/transpaletes-com-balanca\/","title":{"rendered":"Transpaletes com Balan\u00e7a"},"content":{"rendered":"\t\t<div data-elementor-type=\"wp-page\" data-elementor-id=\"727\" class=\"elementor elementor-727\" data-elementor-post-type=\"page\">\n\t\t\t\t\t\t<section class=\"elementor-section elementor-top-section elementor-element elementor-element-50f0c92 elementor-section-height-min-height elementor-section-boxed elementor-section-height-default elementor-section-items-middle\" data-id=\"50f0c92\" data-element_type=\"section\" data-e-type=\"section\" data-settings=\"{&quot;background_background&quot;:&quot;classic&quot;}\">\n\t\t\t\t\t\t\t<div class=\"elementor-background-overlay\"><\/div>\n\t\t\t\t\t\t\t<div class=\"elementor-container elementor-column-gap-default\">\n\t\t\t\t\t<div class=\"elementor-column elementor-col-100 elementor-top-column elementor-element elementor-element-e17719c\" data-id=\"e17719c\" data-element_type=\"column\" data-e-type=\"column\">\n\t\t\t<div class=\"elementor-widget-wrap elementor-element-populated\">\n\t\t\t\t\t\t<section class=\"elementor-section elementor-inner-section elementor-element elementor-element-8558241 elementor-section-boxed elementor-section-height-default elementor-section-height-default\" data-id=\"8558241\" data-element_type=\"section\" data-e-type=\"section\">\n\t\t\t\t\t\t<div class=\"elementor-container elementor-column-gap-default\">\n\t\t\t\t\t<div class=\"elementor-column elementor-col-100 elementor-inner-column elementor-element elementor-element-791cb7a\" data-id=\"791cb7a\" data-element_type=\"column\" data-e-type=\"column\">\n\t\t\t<div class=\"elementor-widget-wrap elementor-element-populated\">\n\t\t\t\t\t\t<div class=\"elementor-element elementor-element-7a280ad elementor-invisible elementor-widget elementor-widget-heading\" data-id=\"7a280ad\" data-element_type=\"widget\" data-e-type=\"widget\" data-settings=\"{&quot;_animation&quot;:&quot;fadeIn&quot;,&quot;_animation_delay&quot;:100}\" data-widget_type=\"heading.default\">\n\t\t\t\t\t<h1 class=\"elementor-heading-title elementor-size-default\">Transpaletes com Balan\u00e7a<\/h1>\t\t\t\t<\/div>\n\t\t\t\t<div class=\"elementor-element elementor-element-5f31502 elementor-invisible elementor-widget elementor-widget-heading\" data-id=\"5f31502\" data-element_type=\"widget\" data-e-type=\"widget\" data-settings=\"{&quot;_animation&quot;:&quot;fadeIn&quot;,&quot;_animation_delay&quot;:100}\" data-widget_type=\"heading.default\">\n\t\t\t\t\t<h2 class=\"elementor-heading-title elementor-size-default\">Modelo: TM2000B<\/h2>\t\t\t\t<\/div>\n\t\t\t\t\t<\/div>\n\t\t<\/div>\n\t\t\t\t\t<\/div>\n\t\t<\/section>\n\t\t\t\t\t<\/div>\n\t\t<\/div>\n\t\t\t\t\t<\/div>\n\t\t<\/section>\n\t\t\t\t<section class=\"elementor-section elementor-top-section elementor-element elementor-element-9e272a2 elementor-section-boxed elementor-section-height-default elementor-section-height-default\" data-id=\"9e272a2\" data-element_type=\"section\" data-e-type=\"section\">\n\t\t\t\t\t\t<div class=\"elementor-container elementor-column-gap-default\">\n\t\t\t\t\t<div class=\"elementor-column elementor-col-50 elementor-top-column elementor-element elementor-element-faf3cd4\" data-id=\"faf3cd4\" data-element_type=\"column\" data-e-type=\"column\">\n\t\t\t<div class=\"elementor-widget-wrap elementor-element-populated\">\n\t\t\t\t\t\t<div class=\"elementor-element elementor-element-bceba70 elementor-widget elementor-widget-text-editor\" data-id=\"bceba70\" data-element_type=\"widget\" data-e-type=\"widget\" data-widget_type=\"text-editor.default\">\n\t\t\t\t\t\t\t\t\t<p>O <strong>TM2000B<\/strong> integra<strong> transporte e pesagem em um \u00fanico equipamento<\/strong>, eliminando deslocamentos at\u00e9 balan\u00e7as fixas e <strong>otimizando a intralog\u00edstica<\/strong>. Com <strong>capacidade de 2.000 kg<\/strong> e certifica\u00e7\u00e3o INMETRO, conta com 4 c\u00e9lulas eletr\u00f4nicas nos garfos para pesagens precisas e confi\u00e1veis.<\/p><p><strong>Fabricado em a\u00e7o carbono<\/strong>, possui sistema hidr\u00e1ulico de eleva\u00e7\u00e3o suave at\u00e9 190 mm, visor digital de 6 d\u00edgitos, bateria interna de 6V com <strong>autonomia de at\u00e9 15 horas<\/strong>, rodas em poliuretano e garfo de 700 mm. Possui ainda <strong>impressora integrada<\/strong> como opcional.<\/p><p><strong>Ideal para com\u00e9rcios, centros de distribui\u00e7\u00e3o, ind\u00fastrias e operadores log\u00edsticos.<\/strong><\/p>\t\t\t\t\t\t\t\t<\/div>\n\t\t\t\t<div class=\"elementor-element elementor-element-97da340 elementor-widget elementor-widget-html\" data-id=\"97da340\" data-element_type=\"widget\" data-e-type=\"widget\" data-widget_type=\"html.default\">\n\t\t\t\t\t<div class=\"ficha-tecnica-blindada !font-sans !text-slate-800 !w-full !m-0 !p-0\">\r\n  \r\n  <div class=\"!bg-white !rounded-xl shadow-[0_4px_20px_rgb(0,0,0,0.08)] !border !border-gray-200 !overflow-hidden !m-0\">\r\n    \r\n    <div class=\"!bg-slate-900 !px-6 !py-5 !flex !items-center !gap-4\">\r\n      <div class=\"!p-2 !bg-blue-600 !rounded-lg !shrink-0\">\r\n        <svg class=\"!w-6 !h-6 !text-white\" fill=\"none\" stroke=\"currentColor\" stroke-width=\"2\" viewBox=\"0 0 24 24\"><path stroke-linecap=\"round\" stroke-linejoin=\"round\" d=\"M9 12h6m-6 4h6m2 5H7a2 2 0 01-2-2V5a2 2 0 012-2h5.586a1 1 0 01.707.293l5.414 5.414a1 1 0 01.293.707V19a2 2 0 01-2 2z\"><\/path><\/svg>\r\n      <\/div>\r\n      <div>\r\n        <h3 class=\"!text-xl !font-bold !text-white !m-0 !p-0 !leading-tight\">Ficha T\u00e9cnica<\/h3>\r\n        <p class=\"!text-slate-400 !text-xs !mt-1 !m-0 !p-0\">Especifica\u00e7\u00f5es do Modelo<\/p>\r\n      <\/div>\r\n    <\/div>\r\n\r\n    <div class=\"!flex !flex-col !m-0 !p-0\">\r\n      \r\n      <div class=\"!flex !items-start !gap-4 !p-4 !border-b !border-gray-100 !bg-blue-50\/30 hover:!bg-blue-100\/50 !transition-colors\">\r\n        <div class=\"!mt-0.5 !shrink-0\">\r\n          <svg class=\"!w-5 !h-5 !text-blue-600\" fill=\"none\" stroke=\"currentColor\" stroke-width=\"2\" viewBox=\"0 0 24 24\"><path stroke-linecap=\"round\" stroke-linejoin=\"round\" d=\"M3 6h18M5 6v14a2 2 0 002 2h10a2 2 0 002-2V6M8 6V4a2 2 0 012-2h4a2 2 0 012 2v2M12 10v4m0 0v4m0-4h4m-4 0H8\"><\/path><\/svg>\r\n        <\/div>\r\n        <div class=\"!flex-1\">\r\n          <span class=\"!block !text-xs !font-bold !text-slate-500 uppercase tracking-wider !mb-1 !m-0\">Capacidade de carga<\/span>\r\n          <span class=\"!block !text-base !font-bold !text-slate-900 !leading-tight !m-0\">at\u00e9 2 toneladas<\/span>\r\n        <\/div>\r\n      <\/div>\r\n\r\n      <div class=\"!flex !items-start !gap-4 !p-4 !border-b !border-gray-100 !bg-blue-50\/30 hover:!bg-blue-100\/50 !transition-colors\">\r\n        <div class=\"!mt-0.5 !shrink-0\">\r\n          <svg class=\"!w-5 !h-5 !text-blue-600\" fill=\"none\" stroke=\"currentColor\" stroke-width=\"2\" viewBox=\"0 0 24 24\"><path stroke-linecap=\"round\" stroke-linejoin=\"round\" d=\"M3 6l3 1m0 0l-3 9a5.002 5.002 0 006.001 0M6 7l3 9M6 7l6-2m6 2l3-1m-3 1l-3 9a5.002 5.002 0 006.001 0M18 7l3 9m-3-9l-6-2m0-2v2m0 16V5m0 16H9m3 0h3\"><\/path><\/svg>\r\n        <\/div>\r\n        <div class=\"!flex-1\">\r\n          <span class=\"!block !text-xs !font-bold !text-slate-500 uppercase tracking-wider !mb-1 !m-0\">Sistema de pesagem<\/span>\r\n          <span class=\"!block !text-base !font-bold !text-slate-900 !leading-tight !m-0\">utiliza 4 c\u00e9lulas eletr\u00f4nicas para aferir o peso da carga diretamente sobre o garfo<\/span>\r\n        <\/div>\r\n      <\/div>\r\n\r\n      <div class=\"!flex !items-start !gap-4 !p-4 !border-b !border-gray-100 !bg-blue-50\/30 hover:!bg-blue-100\/50 !transition-colors\">\r\n        <div class=\"!mt-0.5 !shrink-0\">\r\n          <svg class=\"!w-5 !h-5 !text-blue-600\" fill=\"none\" stroke=\"currentColor\" stroke-width=\"2\" viewBox=\"0 0 24 24\"><path stroke-linecap=\"round\" stroke-linejoin=\"round\" d=\"M4 8V4m0 0h4M4 4l5 5m11-1V4m0 0h-4m4 0l-5 5M4 16v4m0 0h4m-4 0l5-5m11 5l-5-5m5 5v-4m0 4h-4\"><\/path><\/svg>\r\n        <\/div>\r\n        <div class=\"!flex-1\">\r\n          <span class=\"!block !text-xs !font-bold !text-slate-500 uppercase tracking-wider !mb-1 !m-0\">Mobilidade<\/span>\r\n          <span class=\"!block !text-base !font-bold !text-slate-900 !leading-tight !m-0\">permite que o operador leve a balan\u00e7a at\u00e9 a carga, diferente das balan\u00e7as fixas, otimizando o processo de pesagem<\/span>\r\n        <\/div>\r\n      <\/div>\r\n\r\n      <div class=\"!flex !items-start !gap-4 !p-4 !border-b !border-gray-100 !bg-blue-50\/30 hover:!bg-blue-100\/50 !transition-colors\">\r\n        <div class=\"!mt-0.5 !shrink-0\">\r\n          <svg class=\"!w-5 !h-5 !text-blue-600\" fill=\"none\" stroke=\"currentColor\" stroke-width=\"2\" viewBox=\"0 0 24 24\"><path stroke-linecap=\"round\" stroke-linejoin=\"round\" d=\"M9 12l2 2 4-4m5.618-4.016A11.955 11.955 0 0112 2.944a11.955 11.955 0 01-8.618 3.04A12.02 12.02 0 003 9c0 5.591 3.824 10.29 9 11.622 5.176-1.332 9-6.03 9-11.622 0-1.042-.133-2.052-.382-3.016z\"><\/path><\/svg>\r\n        <\/div>\r\n        <div class=\"!flex-1\">\r\n          <span class=\"!block !text-xs !font-bold !text-slate-500 uppercase tracking-wider !mb-1 !m-0\">Certifica\u00e7\u00e3o<\/span>\r\n          <span class=\"!block !text-base !font-bold !text-slate-900 !leading-tight !m-0\">aprovada pelo INMETRO<\/span>\r\n        <\/div>\r\n      <\/div>\r\n\r\n      <div class=\"!flex !items-start !gap-4 !p-4 !border-b !border-gray-100 !bg-blue-50\/30 hover:!bg-blue-100\/50 !transition-colors\">\r\n        <div class=\"!mt-0.5 !shrink-0\">\r\n          <svg class=\"!w-5 !h-5 !text-blue-600\" fill=\"none\" stroke=\"currentColor\" stroke-width=\"2\" viewBox=\"0 0 24 24\"><path stroke-linecap=\"round\" stroke-linejoin=\"round\" d=\"M9.75 17L9 20l-1 1h8l-1-1-.75-3M3 13h18M5 17h14a2 2 0 002-2V5a2 2 0 00-2-2H5a2 2 0 00-2 2v10a2 2 0 002 2z\"><\/path><\/svg>\r\n        <\/div>\r\n        <div class=\"!flex-1\">\r\n          <span class=\"!block !text-xs !font-bold !text-slate-500 uppercase tracking-wider !mb-1 !m-0\">Visor digital<\/span>\r\n          <span class=\"!block !text-base !font-bold !text-slate-900 !leading-tight !m-0\">Exibi\u00e7\u00e3o de 6 d\u00edgitos; Divis\u00e3o de meio quilo (0,5 kg)<\/span>\r\n        <\/div>\r\n      <\/div>\r\n\r\n      <div class=\"!flex !items-start !gap-4 !p-4 !border-b !border-gray-100 !bg-blue-50\/30 hover:!bg-blue-100\/50 !transition-colors\">\r\n        <div class=\"!mt-0.5 !shrink-0\">\r\n          <svg class=\"!w-5 !h-5 !text-blue-600\" fill=\"none\" stroke=\"currentColor\" stroke-width=\"2\" viewBox=\"0 0 24 24\"><path stroke-linecap=\"round\" stroke-linejoin=\"round\" d=\"M13 10V3L4 14h7v7l9-11h-7z\"><\/path><\/svg>\r\n        <\/div>\r\n        <div class=\"!flex-1\">\r\n          <span class=\"!block !text-xs !font-bold !text-slate-500 uppercase tracking-wider !mb-1 !m-0\">Alimenta\u00e7\u00e3o<\/span>\r\n          <span class=\"!block !text-base !font-bold !text-slate-900 !leading-tight !m-0\">Bateria interna de 6 volts<\/span>\r\n        <\/div>\r\n      <\/div>\r\n\r\n      <div class=\"!flex !items-start !gap-4 !p-4 !border-b !border-gray-100 !bg-blue-50\/30 hover:!bg-blue-100\/50 !transition-colors\">\r\n        <div class=\"!mt-0.5 !shrink-0\">\r\n          <svg class=\"!w-5 !h-5 !text-blue-600\" fill=\"none\" stroke=\"currentColor\" stroke-width=\"2\" viewBox=\"0 0 24 24\"><path stroke-linecap=\"round\" stroke-linejoin=\"round\" d=\"M12 8v4l3 3m6-3a9 9 0 11-18 0 9 9 0 0118 0z\"><\/path><\/svg>\r\n        <\/div>\r\n        <div class=\"!flex-1\">\r\n          <span class=\"!block !text-xs !font-bold !text-slate-500 uppercase tracking-wider !mb-1 !m-0\">Autonomia<\/span>\r\n          <span class=\"!block !text-base !font-bold !text-slate-900 !leading-tight !m-0\">de at\u00e9 15 horas de uso cont\u00ednuo<\/span>\r\n        <\/div>\r\n      <\/div>\r\n\r\n      <div class=\"!flex !items-start !gap-4 !p-4 !border-b !border-gray-100 !bg-blue-50\/30 hover:!bg-blue-100\/50 !transition-colors\">\r\n        <div class=\"!mt-0.5 !shrink-0\">\r\n          <svg class=\"!w-5 !h-5 !text-blue-600\" fill=\"none\" stroke=\"currentColor\" stroke-width=\"2\" viewBox=\"0 0 24 24\"><path stroke-linecap=\"round\" stroke-linejoin=\"round\" d=\"M17 17h2a2 2 0 002-2v-4a2 2 0 00-2-2H5a2 2 0 00-2 2v4a2 2 0 002 2h2m2 4h6a2 2 0 002-2v-4a2 2 0 00-2-2H9a2 2 0 00-2 2v4a2 2 0 002 2zm8-12V5a2 2 0 00-2-2H9a2 2 0 00-2 2v4h10z\"><\/path><\/svg>\r\n        <\/div>\r\n        <div class=\"!flex-1\">\r\n          <span class=\"!block !text-xs !font-bold !text-slate-500 uppercase tracking-wider !mb-1 !m-0\">Opcionais<\/span>\r\n          <span class=\"!block !text-base !font-bold !text-slate-900 !leading-tight !m-0\">Impressora fixa na coluna para registro de pesagens<\/span>\r\n        <\/div>\r\n      <\/div>\r\n\r\n      <div class=\"!flex !items-start !gap-4 !p-4 !border-b !border-gray-100 !bg-blue-50\/30 hover:!bg-blue-100\/50 !transition-colors\">\r\n        <div class=\"!mt-0.5 !shrink-0\">\r\n          <svg class=\"!w-5 !h-5 !text-blue-600\" viewBox=\"0 0 24 24\" fill=\"none\" stroke=\"currentColor\" stroke-width=\"2\" stroke-linecap=\"round\" stroke-linejoin=\"round\"><circle cx=\"12\" cy=\"12\" r=\"10\"\/><circle cx=\"12\" cy=\"12\" r=\"3\"\/><\/svg>\r\n        <\/div>\r\n        <div class=\"!flex-1\">\r\n          <span class=\"!block !text-xs !font-bold !text-slate-500 uppercase tracking-wider !mb-1 !m-0\">Rodas<\/span>\r\n          <span class=\"!block !text-base !font-bold !text-slate-900 !leading-tight !m-0\">simples em poliuretano, garantindo suavidade no deslocamento<\/span>\r\n        <\/div>\r\n      <\/div>\r\n\r\n      <div class=\"!flex !items-start !gap-4 !p-4 !bg-blue-50\/30 hover:!bg-blue-100\/50 !transition-colors\">\r\n        <div class=\"!mt-0.5 !shrink-0\">\r\n          <svg class=\"!w-5 !h-5 !text-blue-600\" fill=\"none\" stroke=\"currentColor\" stroke-width=\"2\" viewBox=\"0 0 24 24\"><path stroke-linecap=\"round\" stroke-linejoin=\"round\" d=\"M8 7H5a2 2 0 00-2 2v9a2 2 0 002 2h14a2 2 0 002-2V9a2 2 0 00-2-2h-3m-1 4l-3 3m0 0l-3-3m3 3V4\"><\/path><\/svg>\r\n        <\/div>\r\n        <div class=\"!flex-1\">\r\n          <span class=\"!block !text-xs !font-bold !text-slate-500 uppercase tracking-wider !mb-1 !m-0\">Dimens\u00f5es do garfo<\/span>\r\n          <span class=\"!block !text-base !font-bold !text-slate-900 !leading-tight !m-0\">545 mm de largura<\/span>\r\n        <\/div>\r\n      <\/div>\r\n\r\n    <\/div>\r\n    \r\n    <div class=\"!p-5 !bg-slate-50 !border-t !border-gray-200 !m-0\">\r\n\t<a href=\"https:\/\/disktrans.com.br\/wp-content\/uploads\/2026\/03\/Linha_TMB.pdf\" target=\"blank\">\r\n      <button class=\"!w-full !bg-blue-600 hover:!bg-blue-700 !text-white !py-3 !rounded-lg !font-bold !text-sm !transition-colors !shadow-md !border-none !cursor-pointer\">\r\n       Para a L\u00e2mina T\u00e9cnica clique aqui!\r\n      <\/button><\/a>\r\n    <\/div>\r\n    \r\n  <\/div>\r\n  \r\n<\/div>\t\t\t\t<\/div>\n\t\t\t\t\t<\/div>\n\t\t<\/div>\n\t\t\t\t<div class=\"elementor-column elementor-col-50 elementor-top-column elementor-element elementor-element-442d59f\" data-id=\"442d59f\" data-element_type=\"column\" data-e-type=\"column\">\n\t\t\t<div class=\"elementor-widget-wrap elementor-element-populated\">\n\t\t\t\t\t\t<div class=\"elementor-element elementor-element-10501a1 elementor-absolute elementor-hidden-tablet elementor-hidden-mobile elementor-widget elementor-widget-image\" data-id=\"10501a1\" data-element_type=\"widget\" data-e-type=\"widget\" data-settings=\"{&quot;_position&quot;:&quot;absolute&quot;}\" data-widget_type=\"image.default\">\n\t\t\t\t\t\t\t\t\t\t\t\t\t\t\t<img fetchpriority=\"high\" decoding=\"async\" width=\"800\" height=\"800\" src=\"https:\/\/disktrans.com.br\/wp-content\/uploads\/2026\/02\/transpaletes-com-balanca-bn-1024x1024.png\" class=\"attachment-large size-large wp-image-842\" alt=\"\" srcset=\"https:\/\/disktrans.com.br\/wp-content\/uploads\/2026\/02\/transpaletes-com-balanca-bn-1024x1024.png 1024w, https:\/\/disktrans.com.br\/wp-content\/uploads\/2026\/02\/transpaletes-com-balanca-bn-300x300.png 300w, https:\/\/disktrans.com.br\/wp-content\/uploads\/2026\/02\/transpaletes-com-balanca-bn-150x150.png 150w, https:\/\/disktrans.com.br\/wp-content\/uploads\/2026\/02\/transpaletes-com-balanca-bn-768x768.png 768w, https:\/\/disktrans.com.br\/wp-content\/uploads\/2026\/02\/transpaletes-com-balanca-bn.png 1200w\" sizes=\"(max-width: 800px) 100vw, 800px\" \/>\t\t\t\t\t\t\t\t\t\t\t\t\t\t\t<\/div>\n\t\t\t\t<div class=\"elementor-element elementor-element-3fd755c elementor-widget elementor-widget-spacer\" data-id=\"3fd755c\" data-element_type=\"widget\" data-e-type=\"widget\" data-widget_type=\"spacer.default\">\n\t\t\t\t\t\t\t<div class=\"elementor-spacer\">\n\t\t\t<div class=\"elementor-spacer-inner\"><\/div>\n\t\t<\/div>\n\t\t\t\t\t\t<\/div>\n\t\t\t\t<div class=\"elementor-element elementor-element-256c270 elementor-arrows-position-inside elementor-pagination-position-outside elementor-widget elementor-widget-image-carousel\" data-id=\"256c270\" data-element_type=\"widget\" data-e-type=\"widget\" data-settings=\"{&quot;slides_to_show&quot;:&quot;1&quot;,&quot;lazyload&quot;:&quot;yes&quot;,&quot;sticky&quot;:&quot;top&quot;,&quot;sticky_offset&quot;:20,&quot;sticky_parent&quot;:&quot;yes&quot;,&quot;navigation&quot;:&quot;both&quot;,&quot;autoplay&quot;:&quot;yes&quot;,&quot;pause_on_hover&quot;:&quot;yes&quot;,&quot;pause_on_interaction&quot;:&quot;yes&quot;,&quot;autoplay_speed&quot;:5000,&quot;infinite&quot;:&quot;yes&quot;,&quot;effect&quot;:&quot;slide&quot;,&quot;speed&quot;:500,&quot;sticky_on&quot;:[&quot;widescreen&quot;,&quot;desktop&quot;,&quot;laptop&quot;,&quot;tablet&quot;,&quot;mobile&quot;],&quot;sticky_effects_offset&quot;:0,&quot;sticky_anchor_link_offset&quot;:0}\" data-widget_type=\"image-carousel.default\">\n\t\t\t\t\t\t\t<div class=\"elementor-image-carousel-wrapper swiper\" role=\"region\" aria-roledescription=\"carousel\" aria-label=\"Carrossel de imagens\" dir=\"ltr\">\n\t\t\t<div class=\"elementor-image-carousel swiper-wrapper\" aria-live=\"off\">\n\t\t\t\t\t\t\t\t<div class=\"swiper-slide\" role=\"group\" aria-roledescription=\"slide\" aria-label=\"1 de 4\"><a data-elementor-open-lightbox=\"yes\" data-elementor-lightbox-slideshow=\"256c270\" data-e-action-hash=\"#elementor-action%3Aaction%3Dlightbox%26settings%3DeyJpZCI6NzM5LCJ1cmwiOiJodHRwczpcL1wvZGlza3RyYW5zLmNvbS5iclwvd3AtY29udGVudFwvdXBsb2Fkc1wvMjAyNlwvMDJcL1RyYW5zcGFsZXRlLWNvbS1iYWxhbmNhLTQuanBnIiwic2xpZGVzaG93IjoiMjU2YzI3MCJ9\" href=\"https:\/\/disktrans.com.br\/wp-content\/uploads\/2026\/02\/Transpalete-com-balanca-4.jpg\"><figure class=\"swiper-slide-inner\"><img class=\"swiper-slide-image swiper-lazy\" data-src=\"https:\/\/disktrans.com.br\/wp-content\/uploads\/2026\/02\/Transpalete-com-balanca-4-768x768.jpg\" alt=\"\" \/><div class=\"swiper-lazy-preloader\"><\/div><\/figure><\/a><\/div><div class=\"swiper-slide\" role=\"group\" aria-roledescription=\"slide\" aria-label=\"2 de 4\"><a data-elementor-open-lightbox=\"yes\" data-elementor-lightbox-slideshow=\"256c270\" data-e-action-hash=\"#elementor-action%3Aaction%3Dlightbox%26settings%3DeyJpZCI6NzM4LCJ1cmwiOiJodHRwczpcL1wvZGlza3RyYW5zLmNvbS5iclwvd3AtY29udGVudFwvdXBsb2Fkc1wvMjAyNlwvMDJcL1RyYW5zcGFsZXRlLWNvbS1iYWxhbmNhLTMuanBnIiwic2xpZGVzaG93IjoiMjU2YzI3MCJ9\" href=\"https:\/\/disktrans.com.br\/wp-content\/uploads\/2026\/02\/Transpalete-com-balanca-3.jpg\"><figure class=\"swiper-slide-inner\"><img class=\"swiper-slide-image swiper-lazy\" data-src=\"https:\/\/disktrans.com.br\/wp-content\/uploads\/2026\/02\/Transpalete-com-balanca-3-768x768.jpg\" alt=\"\" \/><div class=\"swiper-lazy-preloader\"><\/div><\/figure><\/a><\/div><div class=\"swiper-slide\" role=\"group\" aria-roledescription=\"slide\" aria-label=\"3 de 4\"><a data-elementor-open-lightbox=\"yes\" data-elementor-lightbox-slideshow=\"256c270\" data-e-action-hash=\"#elementor-action%3Aaction%3Dlightbox%26settings%3DeyJpZCI6NzM2LCJ1cmwiOiJodHRwczpcL1wvZGlza3RyYW5zLmNvbS5iclwvd3AtY29udGVudFwvdXBsb2Fkc1wvMjAyNlwvMDJcL1RyYW5zcGFsZXRlLWNvbS1iYWxhbmNhLTEuanBnIiwic2xpZGVzaG93IjoiMjU2YzI3MCJ9\" href=\"https:\/\/disktrans.com.br\/wp-content\/uploads\/2026\/02\/Transpalete-com-balanca-1.jpg\"><figure class=\"swiper-slide-inner\"><img class=\"swiper-slide-image swiper-lazy\" data-src=\"https:\/\/disktrans.com.br\/wp-content\/uploads\/2026\/02\/Transpalete-com-balanca-1-768x768.jpg\" alt=\"\" \/><div class=\"swiper-lazy-preloader\"><\/div><\/figure><\/a><\/div><div class=\"swiper-slide\" role=\"group\" aria-roledescription=\"slide\" aria-label=\"4 de 4\"><a data-elementor-open-lightbox=\"yes\" data-elementor-lightbox-slideshow=\"256c270\" data-e-action-hash=\"#elementor-action%3Aaction%3Dlightbox%26settings%3DeyJpZCI6NzM3LCJ1cmwiOiJodHRwczpcL1wvZGlza3RyYW5zLmNvbS5iclwvd3AtY29udGVudFwvdXBsb2Fkc1wvMjAyNlwvMDJcL1RyYW5zcGFsZXRlLWNvbS1iYWxhbmNhLTIuanBnIiwic2xpZGVzaG93IjoiMjU2YzI3MCJ9\" href=\"https:\/\/disktrans.com.br\/wp-content\/uploads\/2026\/02\/Transpalete-com-balanca-2.jpg\"><figure class=\"swiper-slide-inner\"><img class=\"swiper-slide-image swiper-lazy\" data-src=\"https:\/\/disktrans.com.br\/wp-content\/uploads\/2026\/02\/Transpalete-com-balanca-2-768x768.jpg\" alt=\"\" \/><div class=\"swiper-lazy-preloader\"><\/div><\/figure><\/a><\/div>\t\t\t<\/div>\n\t\t\t\t\t\t\t\t\t\t\t\t<div class=\"elementor-swiper-button elementor-swiper-button-prev\" role=\"button\" tabindex=\"0\">\n\t\t\t\t\t\t<svg aria-hidden=\"true\" class=\"e-font-icon-svg e-eicon-chevron-left\" viewBox=\"0 0 1000 1000\" xmlns=\"http:\/\/www.w3.org\/2000\/svg\"><path d=\"M646 125C629 125 613 133 604 142L308 442C296 454 292 471 292 487 292 504 296 521 308 533L604 854C617 867 629 875 646 875 663 875 679 871 692 858 704 846 713 829 713 812 713 796 708 779 692 767L438 487 692 225C700 217 708 204 708 187 708 171 704 154 692 142 675 129 663 125 646 125Z\"><\/path><\/svg>\t\t\t\t\t<\/div>\n\t\t\t\t\t<div class=\"elementor-swiper-button elementor-swiper-button-next\" role=\"button\" tabindex=\"0\">\n\t\t\t\t\t\t<svg aria-hidden=\"true\" class=\"e-font-icon-svg e-eicon-chevron-right\" viewBox=\"0 0 1000 1000\" xmlns=\"http:\/\/www.w3.org\/2000\/svg\"><path d=\"M696 533C708 521 713 504 713 487 713 471 708 454 696 446L400 146C388 133 375 125 354 125 338 125 325 129 313 142 300 154 292 171 292 187 292 204 296 221 308 233L563 492 304 771C292 783 288 800 288 817 288 833 296 850 308 863 321 871 338 875 354 875 371 875 388 867 400 854L696 533Z\"><\/path><\/svg>\t\t\t\t\t<\/div>\n\t\t\t\t\n\t\t\t\t\t\t\t\t\t<div class=\"swiper-pagination\"><\/div>\n\t\t\t\t\t\t\t\t\t<\/div>\n\t\t\t\t\t\t<\/div>\n\t\t\t\t\t<\/div>\n\t\t<\/div>\n\t\t\t\t\t<\/div>\n\t\t<\/section>\n\t\t\t\t<\/div>\n\t\t","protected":false},"excerpt":{"rendered":"<p>Transpaletes com Balan\u00e7a Modelo: TM2000B O TM2000B integra transporte e pesagem em um \u00fanico equipamento, eliminando deslocamentos at\u00e9 balan\u00e7as fixas e otimizando a intralog\u00edstica. Com capacidade de 2.000 kg e certifica\u00e7\u00e3o INMETRO, conta com 4 c\u00e9lulas eletr\u00f4nicas nos garfos para pesagens precisas e confi\u00e1veis. Fabricado em a\u00e7o carbono, possui sistema hidr\u00e1ulico de eleva\u00e7\u00e3o suave at\u00e9 [&hellip;]<\/p>\n","protected":false},"author":1,"featured_media":0,"parent":0,"menu_order":0,"comment_status":"closed","ping_status":"closed","template":"","meta":{"footnotes":""},"class_list":["post-727","page","type-page","status-publish","hentry"],"_links":{"self":[{"href":"https:\/\/disktrans.com.br\/es\/wp-json\/wp\/v2\/pages\/727","targetHints":{"allow":["GET"]}}],"collection":[{"href":"https:\/\/disktrans.com.br\/es\/wp-json\/wp\/v2\/pages"}],"about":[{"href":"https:\/\/disktrans.com.br\/es\/wp-json\/wp\/v2\/types\/page"}],"author":[{"embeddable":true,"href":"https:\/\/disktrans.com.br\/es\/wp-json\/wp\/v2\/users\/1"}],"replies":[{"embeddable":true,"href":"https:\/\/disktrans.com.br\/es\/wp-json\/wp\/v2\/comments?post=727"}],"version-history":[{"count":40,"href":"https:\/\/disktrans.com.br\/es\/wp-json\/wp\/v2\/pages\/727\/revisions"}],"predecessor-version":[{"id":1909,"href":"https:\/\/disktrans.com.br\/es\/wp-json\/wp\/v2\/pages\/727\/revisions\/1909"}],"wp:attachment":[{"href":"https:\/\/disktrans.com.br\/es\/wp-json\/wp\/v2\/media?parent=727"}],"curies":[{"name":"wp","href":"https:\/\/api.w.org\/{rel}","templated":true}]}}