{"id":712,"date":"2026-02-25T15:21:57","date_gmt":"2026-02-25T18:21:57","guid":{"rendered":"https:\/\/lemonchiffon-crow-371816.hostingersite.com\/?page_id=712"},"modified":"2026-03-25T11:59:00","modified_gmt":"2026-03-25T14:59:00","slug":"transpaletes-em-aco-inox","status":"publish","type":"page","link":"https:\/\/disktrans.com.br\/es\/transpaletes-em-aco-inox\/","title":{"rendered":"Transpaletes em A\u00e7o Inox"},"content":{"rendered":"\t\t<div data-elementor-type=\"wp-page\" data-elementor-id=\"712\" class=\"elementor elementor-712\" data-elementor-post-type=\"page\">\n\t\t\t\t\t\t<section class=\"elementor-section elementor-top-section elementor-element elementor-element-50f0c92 elementor-section-height-min-height elementor-section-boxed elementor-section-height-default elementor-section-items-middle\" data-id=\"50f0c92\" data-element_type=\"section\" data-e-type=\"section\" data-settings=\"{&quot;background_background&quot;:&quot;classic&quot;}\">\n\t\t\t\t\t\t\t<div class=\"elementor-background-overlay\"><\/div>\n\t\t\t\t\t\t\t<div class=\"elementor-container elementor-column-gap-default\">\n\t\t\t\t\t<div class=\"elementor-column elementor-col-100 elementor-top-column elementor-element elementor-element-e17719c\" data-id=\"e17719c\" data-element_type=\"column\" data-e-type=\"column\">\n\t\t\t<div class=\"elementor-widget-wrap elementor-element-populated\">\n\t\t\t\t\t\t<section class=\"elementor-section elementor-inner-section elementor-element elementor-element-8558241 elementor-section-boxed elementor-section-height-default elementor-section-height-default\" data-id=\"8558241\" data-element_type=\"section\" data-e-type=\"section\">\n\t\t\t\t\t\t<div class=\"elementor-container elementor-column-gap-default\">\n\t\t\t\t\t<div class=\"elementor-column elementor-col-100 elementor-inner-column elementor-element elementor-element-791cb7a\" data-id=\"791cb7a\" data-element_type=\"column\" data-e-type=\"column\">\n\t\t\t<div class=\"elementor-widget-wrap elementor-element-populated\">\n\t\t\t\t\t\t<div class=\"elementor-element elementor-element-7a280ad elementor-invisible elementor-widget elementor-widget-heading\" data-id=\"7a280ad\" data-element_type=\"widget\" data-e-type=\"widget\" data-settings=\"{&quot;_animation&quot;:&quot;fadeIn&quot;,&quot;_animation_delay&quot;:100}\" data-widget_type=\"heading.default\">\n\t\t\t\t\t<h1 class=\"elementor-heading-title elementor-size-default\">Transpaletes em A\u00e7o Inox<\/h1>\t\t\t\t<\/div>\n\t\t\t\t<div class=\"elementor-element elementor-element-5f31502 elementor-invisible elementor-widget elementor-widget-heading\" data-id=\"5f31502\" data-element_type=\"widget\" data-e-type=\"widget\" data-settings=\"{&quot;_animation&quot;:&quot;fadeIn&quot;,&quot;_animation_delay&quot;:100}\" data-widget_type=\"heading.default\">\n\t\t\t\t\t<h2 class=\"elementor-heading-title elementor-size-default\">Modelo: LINHA TM INOX\n<\/h2>\t\t\t\t<\/div>\n\t\t\t\t\t<\/div>\n\t\t<\/div>\n\t\t\t\t\t<\/div>\n\t\t<\/section>\n\t\t\t\t\t<\/div>\n\t\t<\/div>\n\t\t\t\t\t<\/div>\n\t\t<\/section>\n\t\t\t\t<section class=\"elementor-section elementor-top-section elementor-element elementor-element-9e272a2 elementor-section-boxed elementor-section-height-default elementor-section-height-default\" data-id=\"9e272a2\" data-element_type=\"section\" data-e-type=\"section\">\n\t\t\t\t\t\t<div class=\"elementor-container elementor-column-gap-default\">\n\t\t\t\t\t<div class=\"elementor-column elementor-col-50 elementor-top-column elementor-element elementor-element-faf3cd4\" data-id=\"faf3cd4\" data-element_type=\"column\" data-e-type=\"column\">\n\t\t\t<div class=\"elementor-widget-wrap elementor-element-populated\">\n\t\t\t\t\t\t<div class=\"elementor-element elementor-element-bceba70 elementor-widget elementor-widget-text-editor\" data-id=\"bceba70\" data-element_type=\"widget\" data-e-type=\"widget\" data-widget_type=\"text-editor.default\">\n\t\t\t\t\t\t\t\t\t<p>A <strong>Linha TM Inox<\/strong> \u00e9 um transpalete hidr\u00e1ulico desenvolvido para opera\u00e7\u00f5es que exigem <strong>maior resist\u00eancia \u00e0 corros\u00e3o e durabilidade<\/strong> na movimenta\u00e7\u00e3o de materiais na intralog\u00edstica.<\/p><p>Com <strong>chassi em a\u00e7o inoxid\u00e1vel e demais componentes em a\u00e7o carbono e materiais pl\u00e1sticos<\/strong>, o equipamento \u00e9 ideal para ambientes \u00famidos, ind\u00fastrias aliment\u00edcias, c\u00e2maras frias e centros de distribui\u00e7\u00e3o, onde a confiabilidade e a resist\u00eancia dos equipamentos s\u00e3o essenciais.<\/p><p>Com <strong>capacidade de carga de at\u00e9 2.500 kg<\/strong>, \u00e9 a solu\u00e7\u00e3o ideal para opera\u00e7\u00f5es que demandam robustez, seguran\u00e7a e alto desempenho no transporte de paletes.<\/p><p>Possui <strong>comprimento \u00fatil de garfo de 1.150 mm e largura externa de 680 mm<\/strong>, permitindo versatilidade na opera\u00e7\u00e3o com diferentes tipos de paletes. Seu sistema hidr\u00e1ulico assegura eleva\u00e7\u00e3o suave e controle preciso da carga, reduzindo o esfor\u00e7o operacional e aumentando a produtividade.<\/p><p>O equipamento conta ainda com <strong>rodas tandem em nylon<\/strong>, al\u00e9m de <strong>sistema de giro com rolamento axial<\/strong>, garantindo melhor dirigibilidade, menor desgaste e maior vida \u00fatil do conjunto.<\/p><p>Sua estrutura, aliada aos materiais utilizados, proporciona <strong>desempenho consistente e confi\u00e1vel<\/strong> mesmo em opera\u00e7\u00f5es log\u00edsticas intensas e ambientes agressivos.<\/p>\t\t\t\t\t\t\t\t<\/div>\n\t\t\t\t<div class=\"elementor-element elementor-element-1733be2 elementor-widget elementor-widget-html\" data-id=\"1733be2\" data-element_type=\"widget\" data-e-type=\"widget\" data-widget_type=\"html.default\">\n\t\t\t\t\t<!-- Container Principal da Ficha -->\r\n<div class=\"ficha-tecnica-blindada !font-sans !text-slate-800 !w-full !m-0 !p-0\">\r\n  \r\n  <!-- CART\u00c3O DA FICHA T\u00c9CNICA -->\r\n  <div class=\"!bg-white !rounded-xl shadow-[0_4px_20px_rgb(0,0,0,0.08)] !border !border-gray-200 !overflow-hidden !m-0\">\r\n    \r\n    <!-- Header da Ficha -->\r\n    <div class=\"!bg-slate-900 !px-6 !py-5 !flex !items-center !gap-4\">\r\n      <div class=\"!p-2 !bg-blue-600 !rounded-lg !shrink-0\">\r\n        <svg class=\"!w-6 !h-6 !text-white\" fill=\"none\" stroke=\"currentColor\" stroke-width=\"2\" viewBox=\"0 0 24 24\"><path stroke-linecap=\"round\" stroke-linejoin=\"round\" d=\"M9 12h6m-6 4h6m2 5H7a2 2 0 01-2-2V5a2 2 0 012-2h5.586a1 1 0 01.707.293l5.414 5.414a1 1 0 01.293.707V19a2 2 0 01-2 2z\"><\/path><\/svg>\r\n      <\/div>\r\n      <div>\r\n        <h3 class=\"!text-xl !font-bold !text-white !m-0 !p-0 !leading-tight\">Ficha T\u00e9cnica<\/h3>\r\n        <p class=\"!text-slate-400 !text-xs !mt-1 !m-0 !p-0\">Especifica\u00e7\u00f5es do Modelo<\/p>\r\n      <\/div>\r\n    <\/div>\r\n\r\n    <!-- Corpo da Ficha (Lista Vertical) -->\r\n    <div class=\"!flex !flex-col !m-0 !p-0\">\r\n      \r\n      <!-- Item 1: Capacidade -->\r\n      <div class=\"!flex !items-start !gap-4 !p-4 !border-b !border-gray-100 !bg-blue-50\/30 hover:!bg-blue-100\/50 !transition-colors\">\r\n        <div class=\"!mt-0.5 !shrink-0\">\r\n          <svg class=\"!w-5 !h-5 !text-blue-600\" fill=\"none\" stroke=\"currentColor\" stroke-width=\"2\" viewBox=\"0 0 24 24\"><path stroke-linecap=\"round\" stroke-linejoin=\"round\" d=\"M3 6h18M5 6v14a2 2 0 002 2h10a2 2 0 002-2V6M8 6V4a2 2 0 012-2h4a2 2 0 012 2v2M12 10v4m0 0v4m0-4h4m-4 0H8\"><\/path><\/svg>\r\n        <\/div>\r\n        <div class=\"!flex-1\">\r\n          <span class=\"!block !text-xs !font-bold !text-slate-500 uppercase tracking-wider !mb-1 !m-0\">Capacidade de Carga<\/span>\r\n          <span class=\"!block !text-base !font-bold !text-slate-900 !leading-tight !m-0\">Entre 2.000 e 2.500 kg<\/span>\r\n        <\/div>\r\n      <\/div>\r\n\r\n      <!-- Item 2: Comprimento \u00datil dos Garfos -->\r\n      <div class=\"!flex !items-start !gap-4 !p-4 !border-b !border-gray-100 !bg-blue-50\/30 hover:!bg-blue-100\/50 !transition-colors\">\r\n        <div class=\"!mt-0.5 !shrink-0\">\r\n          <svg class=\"!w-5 !h-5 !text-blue-600\" fill=\"none\" stroke=\"currentColor\" stroke-width=\"2\" viewBox=\"0 0 24 24\"><path stroke-linecap=\"round\" stroke-linejoin=\"round\" d=\"M8 7H5a2 2 0 00-2 2v9a2 2 0 002 2h14a2 2 0 002-2V9a2 2 0 00-2-2h-3m-1 4l-3 3m0 0l-3-3m3 3V4\"><\/path><\/svg>\r\n        <\/div>\r\n        <div class=\"!flex-1\">\r\n          <span class=\"!block !text-xs !font-bold !text-slate-500 uppercase tracking-wider !mb-1 !m-0\">Comprimento \u00datil dos Garfos (mm)<\/span>\r\n          <span class=\"!block !text-base !font-bold !text-slate-900 !leading-tight !m-0\">1.000 ou 1.150<\/span>\r\n        <\/div>\r\n      <\/div>\r\n\r\n      <!-- Item 3: Largura Externa dos Garfos -->\r\n      <div class=\"!flex !items-start !gap-4 !p-4 !border-b !border-gray-100 !bg-blue-50\/30 hover:!bg-blue-100\/50 !transition-colors\">\r\n        <div class=\"!mt-0.5 !shrink-0\">\r\n          <svg class=\"!w-5 !h-5 !text-blue-600\" fill=\"none\" stroke=\"currentColor\" stroke-width=\"2\" viewBox=\"0 0 24 24\"><path stroke-linecap=\"round\" stroke-linejoin=\"round\" d=\"M8 7H5a2 2 0 00-2 2v9a2 2 0 002 2h14a2 2 0 002-2V9a2 2 0 00-2-2h-3m-1 4l-3 3m0 0l-3-3m3 3V4\"><\/path><\/svg>\r\n        <\/div>\r\n        <div class=\"!flex-1\">\r\n          <span class=\"!block !text-xs !font-bold !text-slate-500 uppercase tracking-wider !mb-1 !m-0\">Largura Externa dos Garfos (mm)<\/span>\r\n          <span class=\"!block !text-base !font-bold !text-slate-900 !leading-tight !m-0\">530 ou 680<\/span>\r\n        <\/div>\r\n      <\/div>\r\n\r\n      <!-- Item 4: Peso do Equipamento -->\r\n      <div class=\"!flex !items-start !gap-4 !p-4 !border-b !border-gray-100 !bg-blue-50\/30 hover:!bg-blue-100\/50 !transition-colors\">\r\n        <div class=\"!mt-0.5 !shrink-0\">\r\n          <svg class=\"!w-5 !h-5 !text-blue-600\" fill=\"none\" stroke=\"currentColor\" stroke-width=\"2\" viewBox=\"0 0 24 24\"><path stroke-linecap=\"round\" stroke-linejoin=\"round\" d=\"M3 6l3 1m0 0l-3 9a5.002 5.002 0 006.001 0M6 7l3 9M6 7l6-2m6 2l3-1m-3 1l-3 9a5.002 5.002 0 006.001 0M18 7l3 9m-3-9l-6-2m0-2v2m0 16V5m0 16H9m3 0h3\"><\/path><\/svg>\r\n        <\/div>\r\n        <div class=\"!flex-1\">\r\n          <span class=\"!block !text-xs !font-bold !text-slate-500 uppercase tracking-wider !mb-1 !m-0\">Peso do Equipamento (kg)<\/span>\r\n          <span class=\"!block !text-base !font-bold !text-slate-900 !leading-tight !m-0\">65<\/span>\r\n        <\/div>\r\n      <\/div>\r\n\r\n      <!-- Item 5: Comprimento Total -->\r\n      <div class=\"!flex !items-start !gap-4 !p-4 !border-b !border-gray-100 !bg-blue-50\/30 hover:!bg-blue-100\/50 !transition-colors\">\r\n        <div class=\"!mt-0.5 !shrink-0\">\r\n          <svg class=\"!w-5 !h-5 !text-blue-600\" fill=\"none\" stroke=\"currentColor\" stroke-width=\"2\" viewBox=\"0 0 24 24\"><path stroke-linecap=\"round\" stroke-linejoin=\"round\" d=\"M8 7H5a2 2 0 00-2 2v9a2 2 0 002 2h14a2 2 0 002-2V9a2 2 0 00-2-2h-3m-1 4l-3 3m0 0l-3-3m3 3V4\"><\/path><\/svg>\r\n        <\/div>\r\n        <div class=\"!flex-1\">\r\n          <span class=\"!block !text-xs !font-bold !text-slate-500 uppercase tracking-wider !mb-1 !m-0\">Comprimento Total (mm)<\/span>\r\n          <span class=\"!block !text-base !font-bold !text-slate-900 !leading-tight !m-0\">1.510<\/span>\r\n        <\/div>\r\n      <\/div>\r\n\r\n      <!-- Item 6: Altura dos Garfos Elevados -->\r\n      <div class=\"!flex !items-start !gap-4 !p-4 !border-b !border-gray-100 !bg-blue-50\/30 hover:!bg-blue-100\/50 !transition-colors\">\r\n        <div class=\"!mt-0.5 !shrink-0\">\r\n          <svg class=\"!w-5 !h-5 !text-blue-600\" fill=\"none\" stroke=\"currentColor\" stroke-width=\"2\" viewBox=\"0 0 24 24\"><path stroke-linecap=\"round\" stroke-linejoin=\"round\" d=\"M5 10l7-7m0 0l7 7m-7-7v18\"><\/path><\/svg>\r\n        <\/div>\r\n        <div class=\"!flex-1\">\r\n          <span class=\"!block !text-xs !font-bold !text-slate-500 uppercase tracking-wider !mb-1 !m-0\">Altura dos Garfos Elevados (mm)<\/span>\r\n          <span class=\"!block !text-base !font-bold !text-slate-900 !leading-tight !m-0\">200<\/span>\r\n        <\/div>\r\n      <\/div>\r\n\r\n      <!-- Item 7: Altura dos Garfos Abaixados -->\r\n      <div class=\"!flex !items-start !gap-4 !p-4 !bg-blue-50\/30 hover:!bg-blue-100\/50 !transition-colors\">\r\n        <div class=\"!mt-0.5 !shrink-0\">\r\n          <svg class=\"!w-5 !h-5 !text-blue-600\" fill=\"none\" stroke=\"currentColor\" stroke-width=\"2\" viewBox=\"0 0 24 24\"><path stroke-linecap=\"round\" stroke-linejoin=\"round\" d=\"M19 14l-7 7m0 0l-7-7m7 7V3\"><\/path><\/svg>\r\n        <\/div>\r\n        <div class=\"!flex-1\">\r\n          <span class=\"!block !text-xs !font-bold !text-slate-500 uppercase tracking-wider !mb-1 !m-0\">Altura dos Garfos Abaixados (mm)<\/span>\r\n          <span class=\"!block !text-base !font-bold !text-slate-900 !leading-tight !m-0\">80<\/span>\r\n        <\/div>\r\n      <\/div>\r\n\r\n    <\/div>\r\n    \r\n  <\/div>\r\n  \r\n<\/div>\t\t\t\t<\/div>\n\t\t\t\t\t<\/div>\n\t\t<\/div>\n\t\t\t\t<div class=\"elementor-column elementor-col-50 elementor-top-column elementor-element elementor-element-442d59f\" data-id=\"442d59f\" data-element_type=\"column\" data-e-type=\"column\">\n\t\t\t<div class=\"elementor-widget-wrap elementor-element-populated\">\n\t\t\t\t\t\t<div class=\"elementor-element elementor-element-843f015 elementor-absolute elementor-hidden-tablet elementor-hidden-mobile elementor-widget elementor-widget-image\" data-id=\"843f015\" data-element_type=\"widget\" data-e-type=\"widget\" data-settings=\"{&quot;_position&quot;:&quot;absolute&quot;}\" data-widget_type=\"image.default\">\n\t\t\t\t\t\t\t\t\t\t\t\t\t\t\t<img fetchpriority=\"high\" decoding=\"async\" width=\"800\" height=\"800\" src=\"https:\/\/disktrans.com.br\/wp-content\/uploads\/2026\/02\/transpalete-bg-1024x1024.png\" class=\"attachment-large size-large wp-image-2064\" alt=\"\" srcset=\"https:\/\/disktrans.com.br\/wp-content\/uploads\/2026\/02\/transpalete-bg-1024x1024.png 1024w, https:\/\/disktrans.com.br\/wp-content\/uploads\/2026\/02\/transpalete-bg-300x300.png 300w, https:\/\/disktrans.com.br\/wp-content\/uploads\/2026\/02\/transpalete-bg-150x150.png 150w, https:\/\/disktrans.com.br\/wp-content\/uploads\/2026\/02\/transpalete-bg-768x768.png 768w, https:\/\/disktrans.com.br\/wp-content\/uploads\/2026\/02\/transpalete-bg-1536x1536.png 1536w, https:\/\/disktrans.com.br\/wp-content\/uploads\/2026\/02\/transpalete-bg.png 1800w\" sizes=\"(max-width: 800px) 100vw, 800px\" \/>\t\t\t\t\t\t\t\t\t\t\t\t\t\t\t<\/div>\n\t\t\t\t<div class=\"elementor-element elementor-element-72e1555 elementor-widget elementor-widget-spacer\" data-id=\"72e1555\" data-element_type=\"widget\" data-e-type=\"widget\" data-widget_type=\"spacer.default\">\n\t\t\t\t\t\t\t<div class=\"elementor-spacer\">\n\t\t\t<div class=\"elementor-spacer-inner\"><\/div>\n\t\t<\/div>\n\t\t\t\t\t\t<\/div>\n\t\t\t\t<div class=\"elementor-element elementor-element-256c270 elementor-arrows-position-inside elementor-pagination-position-outside elementor-widget elementor-widget-image-carousel\" data-id=\"256c270\" data-element_type=\"widget\" data-e-type=\"widget\" data-settings=\"{&quot;slides_to_show&quot;:&quot;1&quot;,&quot;lazyload&quot;:&quot;yes&quot;,&quot;sticky&quot;:&quot;top&quot;,&quot;sticky_offset&quot;:20,&quot;sticky_parent&quot;:&quot;yes&quot;,&quot;navigation&quot;:&quot;both&quot;,&quot;autoplay&quot;:&quot;yes&quot;,&quot;pause_on_hover&quot;:&quot;yes&quot;,&quot;pause_on_interaction&quot;:&quot;yes&quot;,&quot;autoplay_speed&quot;:5000,&quot;infinite&quot;:&quot;yes&quot;,&quot;effect&quot;:&quot;slide&quot;,&quot;speed&quot;:500,&quot;sticky_on&quot;:[&quot;widescreen&quot;,&quot;desktop&quot;,&quot;laptop&quot;,&quot;tablet&quot;,&quot;mobile&quot;],&quot;sticky_effects_offset&quot;:0,&quot;sticky_anchor_link_offset&quot;:0}\" data-widget_type=\"image-carousel.default\">\n\t\t\t\t\t\t\t<div class=\"elementor-image-carousel-wrapper swiper\" role=\"region\" aria-roledescription=\"carousel\" aria-label=\"Carrossel de imagens\" dir=\"ltr\">\n\t\t\t<div class=\"elementor-image-carousel swiper-wrapper\" aria-live=\"off\">\n\t\t\t\t\t\t\t\t<div class=\"swiper-slide\" role=\"group\" aria-roledescription=\"slide\" aria-label=\"1 de 10\"><a data-elementor-open-lightbox=\"yes\" data-elementor-lightbox-slideshow=\"256c270\" data-e-action-hash=\"#elementor-action%3Aaction%3Dlightbox%26settings%3DeyJpZCI6MjA1OSwidXJsIjoiaHR0cHM6XC9cL2Rpc2t0cmFucy5jb20uYnJcL3dwLWNvbnRlbnRcL3VwbG9hZHNcLzIwMjZcLzAyXC9UcmFuc3BhbGV0ZS1hY28taW5veC0xMC5qcGciLCJzbGlkZXNob3ciOiIyNTZjMjcwIn0%3D\" href=\"https:\/\/disktrans.com.br\/wp-content\/uploads\/2026\/02\/Transpalete-aco-inox-10.jpg\"><figure class=\"swiper-slide-inner\"><img class=\"swiper-slide-image swiper-lazy\" data-src=\"https:\/\/disktrans.com.br\/wp-content\/uploads\/2026\/02\/Transpalete-aco-inox-10-768x768.jpg\" alt=\"\" \/><div class=\"swiper-lazy-preloader\"><\/div><\/figure><\/a><\/div><div class=\"swiper-slide\" role=\"group\" aria-roledescription=\"slide\" aria-label=\"2 de 10\"><a data-elementor-open-lightbox=\"yes\" data-elementor-lightbox-slideshow=\"256c270\" data-e-action-hash=\"#elementor-action%3Aaction%3Dlightbox%26settings%3DeyJpZCI6MjA1MSwidXJsIjoiaHR0cHM6XC9cL2Rpc2t0cmFucy5jb20uYnJcL3dwLWNvbnRlbnRcL3VwbG9hZHNcLzIwMjZcLzAyXC9UcmFuc3BhbGV0ZS1hY28taW5veC0yLmpwZyIsInNsaWRlc2hvdyI6IjI1NmMyNzAifQ%3D%3D\" href=\"https:\/\/disktrans.com.br\/wp-content\/uploads\/2026\/02\/Transpalete-aco-inox-2.jpg\"><figure class=\"swiper-slide-inner\"><img class=\"swiper-slide-image swiper-lazy\" data-src=\"https:\/\/disktrans.com.br\/wp-content\/uploads\/2026\/02\/Transpalete-aco-inox-2-768x768.jpg\" alt=\"\" \/><div class=\"swiper-lazy-preloader\"><\/div><\/figure><\/a><\/div><div class=\"swiper-slide\" role=\"group\" aria-roledescription=\"slide\" aria-label=\"3 de 10\"><a data-elementor-open-lightbox=\"yes\" data-elementor-lightbox-slideshow=\"256c270\" data-e-action-hash=\"#elementor-action%3Aaction%3Dlightbox%26settings%3DeyJpZCI6MjA1MCwidXJsIjoiaHR0cHM6XC9cL2Rpc2t0cmFucy5jb20uYnJcL3dwLWNvbnRlbnRcL3VwbG9hZHNcLzIwMjZcLzAyXC9UcmFuc3BhbGV0ZS1hY28taW5veC0xLmpwZyIsInNsaWRlc2hvdyI6IjI1NmMyNzAifQ%3D%3D\" href=\"https:\/\/disktrans.com.br\/wp-content\/uploads\/2026\/02\/Transpalete-aco-inox-1.jpg\"><figure class=\"swiper-slide-inner\"><img class=\"swiper-slide-image swiper-lazy\" data-src=\"https:\/\/disktrans.com.br\/wp-content\/uploads\/2026\/02\/Transpalete-aco-inox-1-768x768.jpg\" alt=\"\" \/><div class=\"swiper-lazy-preloader\"><\/div><\/figure><\/a><\/div><div class=\"swiper-slide\" role=\"group\" aria-roledescription=\"slide\" aria-label=\"4 de 10\"><a data-elementor-open-lightbox=\"yes\" data-elementor-lightbox-slideshow=\"256c270\" data-e-action-hash=\"#elementor-action%3Aaction%3Dlightbox%26settings%3DeyJpZCI6MjA1MiwidXJsIjoiaHR0cHM6XC9cL2Rpc2t0cmFucy5jb20uYnJcL3dwLWNvbnRlbnRcL3VwbG9hZHNcLzIwMjZcLzAyXC9UcmFuc3BhbGV0ZS1hY28taW5veC0zLmpwZyIsInNsaWRlc2hvdyI6IjI1NmMyNzAifQ%3D%3D\" href=\"https:\/\/disktrans.com.br\/wp-content\/uploads\/2026\/02\/Transpalete-aco-inox-3.jpg\"><figure class=\"swiper-slide-inner\"><img class=\"swiper-slide-image swiper-lazy\" data-src=\"https:\/\/disktrans.com.br\/wp-content\/uploads\/2026\/02\/Transpalete-aco-inox-3-768x768.jpg\" alt=\"\" \/><div class=\"swiper-lazy-preloader\"><\/div><\/figure><\/a><\/div><div class=\"swiper-slide\" role=\"group\" aria-roledescription=\"slide\" aria-label=\"5 de 10\"><a data-elementor-open-lightbox=\"yes\" data-elementor-lightbox-slideshow=\"256c270\" data-e-action-hash=\"#elementor-action%3Aaction%3Dlightbox%26settings%3DeyJpZCI6MjA1MywidXJsIjoiaHR0cHM6XC9cL2Rpc2t0cmFucy5jb20uYnJcL3dwLWNvbnRlbnRcL3VwbG9hZHNcLzIwMjZcLzAyXC9UcmFuc3BhbGV0ZS1hY28taW5veC00LmpwZyIsInNsaWRlc2hvdyI6IjI1NmMyNzAifQ%3D%3D\" href=\"https:\/\/disktrans.com.br\/wp-content\/uploads\/2026\/02\/Transpalete-aco-inox-4.jpg\"><figure class=\"swiper-slide-inner\"><img class=\"swiper-slide-image swiper-lazy\" data-src=\"https:\/\/disktrans.com.br\/wp-content\/uploads\/2026\/02\/Transpalete-aco-inox-4-768x768.jpg\" alt=\"\" \/><div class=\"swiper-lazy-preloader\"><\/div><\/figure><\/a><\/div><div class=\"swiper-slide\" role=\"group\" aria-roledescription=\"slide\" aria-label=\"6 de 10\"><a data-elementor-open-lightbox=\"yes\" data-elementor-lightbox-slideshow=\"256c270\" data-e-action-hash=\"#elementor-action%3Aaction%3Dlightbox%26settings%3DeyJpZCI6MjA1NCwidXJsIjoiaHR0cHM6XC9cL2Rpc2t0cmFucy5jb20uYnJcL3dwLWNvbnRlbnRcL3VwbG9hZHNcLzIwMjZcLzAyXC9UcmFuc3BhbGV0ZS1hY28taW5veC01LmpwZyIsInNsaWRlc2hvdyI6IjI1NmMyNzAifQ%3D%3D\" href=\"https:\/\/disktrans.com.br\/wp-content\/uploads\/2026\/02\/Transpalete-aco-inox-5.jpg\"><figure class=\"swiper-slide-inner\"><img class=\"swiper-slide-image swiper-lazy\" data-src=\"https:\/\/disktrans.com.br\/wp-content\/uploads\/2026\/02\/Transpalete-aco-inox-5-768x768.jpg\" alt=\"\" \/><div class=\"swiper-lazy-preloader\"><\/div><\/figure><\/a><\/div><div class=\"swiper-slide\" role=\"group\" aria-roledescription=\"slide\" aria-label=\"7 de 10\"><a data-elementor-open-lightbox=\"yes\" data-elementor-lightbox-slideshow=\"256c270\" data-e-action-hash=\"#elementor-action%3Aaction%3Dlightbox%26settings%3DeyJpZCI6MjA1NSwidXJsIjoiaHR0cHM6XC9cL2Rpc2t0cmFucy5jb20uYnJcL3dwLWNvbnRlbnRcL3VwbG9hZHNcLzIwMjZcLzAyXC9UcmFuc3BhbGV0ZS1hY28taW5veC02LmpwZyIsInNsaWRlc2hvdyI6IjI1NmMyNzAifQ%3D%3D\" href=\"https:\/\/disktrans.com.br\/wp-content\/uploads\/2026\/02\/Transpalete-aco-inox-6.jpg\"><figure class=\"swiper-slide-inner\"><img class=\"swiper-slide-image swiper-lazy\" data-src=\"https:\/\/disktrans.com.br\/wp-content\/uploads\/2026\/02\/Transpalete-aco-inox-6-768x768.jpg\" alt=\"\" \/><div class=\"swiper-lazy-preloader\"><\/div><\/figure><\/a><\/div><div class=\"swiper-slide\" role=\"group\" aria-roledescription=\"slide\" aria-label=\"8 de 10\"><a data-elementor-open-lightbox=\"yes\" data-elementor-lightbox-slideshow=\"256c270\" data-e-action-hash=\"#elementor-action%3Aaction%3Dlightbox%26settings%3DeyJpZCI6MjA1NiwidXJsIjoiaHR0cHM6XC9cL2Rpc2t0cmFucy5jb20uYnJcL3dwLWNvbnRlbnRcL3VwbG9hZHNcLzIwMjZcLzAyXC9UcmFuc3BhbGV0ZS1hY28taW5veC03LmpwZyIsInNsaWRlc2hvdyI6IjI1NmMyNzAifQ%3D%3D\" href=\"https:\/\/disktrans.com.br\/wp-content\/uploads\/2026\/02\/Transpalete-aco-inox-7.jpg\"><figure class=\"swiper-slide-inner\"><img class=\"swiper-slide-image swiper-lazy\" data-src=\"https:\/\/disktrans.com.br\/wp-content\/uploads\/2026\/02\/Transpalete-aco-inox-7-768x768.jpg\" alt=\"\" \/><div class=\"swiper-lazy-preloader\"><\/div><\/figure><\/a><\/div><div class=\"swiper-slide\" role=\"group\" aria-roledescription=\"slide\" aria-label=\"9 de 10\"><a data-elementor-open-lightbox=\"yes\" data-elementor-lightbox-slideshow=\"256c270\" data-e-action-hash=\"#elementor-action%3Aaction%3Dlightbox%26settings%3DeyJpZCI6MjA1NywidXJsIjoiaHR0cHM6XC9cL2Rpc2t0cmFucy5jb20uYnJcL3dwLWNvbnRlbnRcL3VwbG9hZHNcLzIwMjZcLzAyXC9UcmFuc3BhbGV0ZS1hY28taW5veC04LmpwZyIsInNsaWRlc2hvdyI6IjI1NmMyNzAifQ%3D%3D\" href=\"https:\/\/disktrans.com.br\/wp-content\/uploads\/2026\/02\/Transpalete-aco-inox-8.jpg\"><figure class=\"swiper-slide-inner\"><img class=\"swiper-slide-image swiper-lazy\" data-src=\"https:\/\/disktrans.com.br\/wp-content\/uploads\/2026\/02\/Transpalete-aco-inox-8-768x768.jpg\" alt=\"\" \/><div class=\"swiper-lazy-preloader\"><\/div><\/figure><\/a><\/div><div class=\"swiper-slide\" role=\"group\" aria-roledescription=\"slide\" aria-label=\"10 de 10\"><a data-elementor-open-lightbox=\"yes\" data-elementor-lightbox-slideshow=\"256c270\" data-e-action-hash=\"#elementor-action%3Aaction%3Dlightbox%26settings%3DeyJpZCI6MjA1OCwidXJsIjoiaHR0cHM6XC9cL2Rpc2t0cmFucy5jb20uYnJcL3dwLWNvbnRlbnRcL3VwbG9hZHNcLzIwMjZcLzAyXC9UcmFuc3BhbGV0ZS1hY28taW5veC05LmpwZyIsInNsaWRlc2hvdyI6IjI1NmMyNzAifQ%3D%3D\" href=\"https:\/\/disktrans.com.br\/wp-content\/uploads\/2026\/02\/Transpalete-aco-inox-9.jpg\"><figure class=\"swiper-slide-inner\"><img class=\"swiper-slide-image swiper-lazy\" data-src=\"https:\/\/disktrans.com.br\/wp-content\/uploads\/2026\/02\/Transpalete-aco-inox-9-768x768.jpg\" alt=\"\" \/><div class=\"swiper-lazy-preloader\"><\/div><\/figure><\/a><\/div>\t\t\t<\/div>\n\t\t\t\t\t\t\t\t\t\t\t\t<div class=\"elementor-swiper-button elementor-swiper-button-prev\" role=\"button\" tabindex=\"0\">\n\t\t\t\t\t\t<svg aria-hidden=\"true\" class=\"e-font-icon-svg e-eicon-chevron-left\" viewBox=\"0 0 1000 1000\" xmlns=\"http:\/\/www.w3.org\/2000\/svg\"><path d=\"M646 125C629 125 613 133 604 142L308 442C296 454 292 471 292 487 292 504 296 521 308 533L604 854C617 867 629 875 646 875 663 875 679 871 692 858 704 846 713 829 713 812 713 796 708 779 692 767L438 487 692 225C700 217 708 204 708 187 708 171 704 154 692 142 675 129 663 125 646 125Z\"><\/path><\/svg>\t\t\t\t\t<\/div>\n\t\t\t\t\t<div class=\"elementor-swiper-button elementor-swiper-button-next\" role=\"button\" tabindex=\"0\">\n\t\t\t\t\t\t<svg aria-hidden=\"true\" class=\"e-font-icon-svg e-eicon-chevron-right\" viewBox=\"0 0 1000 1000\" xmlns=\"http:\/\/www.w3.org\/2000\/svg\"><path d=\"M696 533C708 521 713 504 713 487 713 471 708 454 696 446L400 146C388 133 375 125 354 125 338 125 325 129 313 142 300 154 292 171 292 187 292 204 296 221 308 233L563 492 304 771C292 783 288 800 288 817 288 833 296 850 308 863 321 871 338 875 354 875 371 875 388 867 400 854L696 533Z\"><\/path><\/svg>\t\t\t\t\t<\/div>\n\t\t\t\t\n\t\t\t\t\t\t\t\t\t<div class=\"swiper-pagination\"><\/div>\n\t\t\t\t\t\t\t\t\t<\/div>\n\t\t\t\t\t\t<\/div>\n\t\t\t\t\t<\/div>\n\t\t<\/div>\n\t\t\t\t\t<\/div>\n\t\t<\/section>\n\t\t\t\t<\/div>\n\t\t","protected":false},"excerpt":{"rendered":"<p>Transpaletes em A\u00e7o Inox Modelo: LINHA TM INOX A Linha TM Inox \u00e9 um transpalete hidr\u00e1ulico desenvolvido para opera\u00e7\u00f5es que exigem maior resist\u00eancia \u00e0 corros\u00e3o e durabilidade na movimenta\u00e7\u00e3o de materiais na intralog\u00edstica. Com chassi em a\u00e7o inoxid\u00e1vel e demais componentes em a\u00e7o carbono e materiais pl\u00e1sticos, o equipamento \u00e9 ideal para ambientes \u00famidos, ind\u00fastrias [&hellip;]<\/p>\n","protected":false},"author":1,"featured_media":0,"parent":0,"menu_order":0,"comment_status":"closed","ping_status":"closed","template":"","meta":{"footnotes":""},"class_list":["post-712","page","type-page","status-publish","hentry"],"_links":{"self":[{"href":"https:\/\/disktrans.com.br\/es\/wp-json\/wp\/v2\/pages\/712","targetHints":{"allow":["GET"]}}],"collection":[{"href":"https:\/\/disktrans.com.br\/es\/wp-json\/wp\/v2\/pages"}],"about":[{"href":"https:\/\/disktrans.com.br\/es\/wp-json\/wp\/v2\/types\/page"}],"author":[{"embeddable":true,"href":"https:\/\/disktrans.com.br\/es\/wp-json\/wp\/v2\/users\/1"}],"replies":[{"embeddable":true,"href":"https:\/\/disktrans.com.br\/es\/wp-json\/wp\/v2\/comments?post=712"}],"version-history":[{"count":91,"href":"https:\/\/disktrans.com.br\/es\/wp-json\/wp\/v2\/pages\/712\/revisions"}],"predecessor-version":[{"id":1906,"href":"https:\/\/disktrans.com.br\/es\/wp-json\/wp\/v2\/pages\/712\/revisions\/1906"}],"wp:attachment":[{"href":"https:\/\/disktrans.com.br\/es\/wp-json\/wp\/v2\/media?parent=712"}],"curies":[{"name":"wp","href":"https:\/\/api.w.org\/{rel}","templated":true}]}}